{"id":942,"date":"2020-06-18T13:37:07","date_gmt":"2020-06-18T11:37:07","guid":{"rendered":"https:\/\/www.goldzander.at\/shop\/?post_type=product&#038;p=942"},"modified":"2022-09-27T13:07:35","modified_gmt":"2022-09-27T11:07:35","slug":"anhaenger-frosch","status":"publish","type":"product","link":"https:\/\/www.goldzander.at\/shop\/produkt\/anhaenger-frosch\/","title":{"rendered":"Anh\u00e4nger Frosch"},"content":{"rendered":"<p>Motiv: Frosch<\/p>\n<p>Material: Silber<\/p>\n<h2>Beschreibung<\/h2>\n<p>Anh\u00e4nger, Motiv Frosch aus Silber, F\u00fc\u00dfe sind beweglich.<\/p>\n","protected":false},"excerpt":{"rendered":"<p>Anh\u00e4nger, Motiv Frosch aus Silber, F\u00fc\u00dfe sind beweglich.<\/p>\n","protected":false},"featured_media":943,"comment_status":"open","ping_status":"closed","template":"","meta":[],"product_brand":[],"product_cat":[117,124],"product_tag":[98,99,153],"woo-feed-brand":[],"class_list":{"0":"post-942","1":"product","2":"type-product","3":"status-publish","4":"has-post-thumbnail","6":"product_cat-geschenkartikel","7":"product_cat-anhaenger","8":"product_tag-anhaenger","9":"product_tag-silber","10":"product_tag-frosch","12":"first","13":"instock","14":"taxable","15":"shipping-taxable","16":"purchasable","17":"product-type-simple"},"_links":{"self":[{"href":"https:\/\/www.goldzander.at\/shop\/wp-json\/wp\/v2\/product\/942","targetHints":{"allow":["GET"]}}],"collection":[{"href":"https:\/\/www.goldzander.at\/shop\/wp-json\/wp\/v2\/product"}],"about":[{"href":"https:\/\/www.goldzander.at\/shop\/wp-json\/wp\/v2\/types\/product"}],"replies":[{"embeddable":true,"href":"https:\/\/www.goldzander.at\/shop\/wp-json\/wp\/v2\/comments?post=942"}],"wp:featuredmedia":[{"embeddable":true,"href":"https:\/\/www.goldzander.at\/shop\/wp-json\/wp\/v2\/media\/943"}],"wp:attachment":[{"href":"https:\/\/www.goldzander.at\/shop\/wp-json\/wp\/v2\/media?parent=942"}],"wp:term":[{"taxonomy":"product_brand","embeddable":true,"href":"https:\/\/www.goldzander.at\/shop\/wp-json\/wp\/v2\/product_brand?post=942"},{"taxonomy":"product_cat","embeddable":true,"href":"https:\/\/www.goldzander.at\/shop\/wp-json\/wp\/v2\/product_cat?post=942"},{"taxonomy":"product_tag","embeddable":true,"href":"https:\/\/www.goldzander.at\/shop\/wp-json\/wp\/v2\/product_tag?post=942"},{"taxonomy":"woo-feed-brand","embeddable":true,"href":"https:\/\/www.goldzander.at\/shop\/wp-json\/wp\/v2\/woo-feed-brand?post=942"}],"curies":[{"name":"wp","href":"https:\/\/api.w.org\/{rel}","templated":true}]}}