{"id":934,"date":"2020-06-14T18:43:32","date_gmt":"2020-06-14T16:43:32","guid":{"rendered":"https:\/\/www.goldzander.at\/shop\/?post_type=product&#038;p=934"},"modified":"2022-09-27T13:11:42","modified_gmt":"2022-09-27T11:11:42","slug":"anhaenger-fluegel-gr","status":"publish","type":"product","link":"https:\/\/www.goldzander.at\/shop\/produkt\/anhaenger-fluegel-gr\/","title":{"rendered":"Anh\u00e4nger &#8220;Fl\u00fcgel&#8221; gro\u00df"},"content":{"rendered":"<p>Silber\/Zirkonia<\/p>\n<p>Motiv: Fl\u00fcgel<\/p>\n<p>Gr\u00f6\u00dfe: ca..: 3,7 cm (inkl. Schlaufe)<\/p>\n<h2>Beschreibung<\/h2>\n<p>Ein Anh\u00e4nger in Form eines Fl\u00fcgels, besetzt mit Zirkonia.<\/p>\n","protected":false},"excerpt":{"rendered":"<p>Anh\u00e4nger in Form eines Fl\u00fcgels, besetzt mit Zirkonia.<\/p>\n","protected":false},"featured_media":935,"comment_status":"open","ping_status":"closed","template":"","meta":[],"product_brand":[],"product_cat":[124],"product_tag":[152,98],"woo-feed-brand":[],"class_list":{"0":"post-934","1":"product","2":"type-product","3":"status-publish","4":"has-post-thumbnail","6":"product_cat-anhaenger","7":"product_tag-fluegel","8":"product_tag-anhaenger","10":"first","11":"outofstock","12":"taxable","13":"shipping-taxable","14":"purchasable","15":"product-type-simple"},"_links":{"self":[{"href":"https:\/\/www.goldzander.at\/shop\/wp-json\/wp\/v2\/product\/934","targetHints":{"allow":["GET"]}}],"collection":[{"href":"https:\/\/www.goldzander.at\/shop\/wp-json\/wp\/v2\/product"}],"about":[{"href":"https:\/\/www.goldzander.at\/shop\/wp-json\/wp\/v2\/types\/product"}],"replies":[{"embeddable":true,"href":"https:\/\/www.goldzander.at\/shop\/wp-json\/wp\/v2\/comments?post=934"}],"wp:featuredmedia":[{"embeddable":true,"href":"https:\/\/www.goldzander.at\/shop\/wp-json\/wp\/v2\/media\/935"}],"wp:attachment":[{"href":"https:\/\/www.goldzander.at\/shop\/wp-json\/wp\/v2\/media?parent=934"}],"wp:term":[{"taxonomy":"product_brand","embeddable":true,"href":"https:\/\/www.goldzander.at\/shop\/wp-json\/wp\/v2\/product_brand?post=934"},{"taxonomy":"product_cat","embeddable":true,"href":"https:\/\/www.goldzander.at\/shop\/wp-json\/wp\/v2\/product_cat?post=934"},{"taxonomy":"product_tag","embeddable":true,"href":"https:\/\/www.goldzander.at\/shop\/wp-json\/wp\/v2\/product_tag?post=934"},{"taxonomy":"woo-feed-brand","embeddable":true,"href":"https:\/\/www.goldzander.at\/shop\/wp-json\/wp\/v2\/woo-feed-brand?post=934"}],"curies":[{"name":"wp","href":"https:\/\/api.w.org\/{rel}","templated":true}]}}