{"id":8498,"date":"2023-02-28T10:09:07","date_gmt":"2023-02-28T09:09:07","guid":{"rendered":"https:\/\/www.goldzander.at\/shop\/?post_type=product&#038;p=8498"},"modified":"2026-03-29T16:05:11","modified_gmt":"2026-03-29T14:05:11","slug":"anhaenger-saxophon","status":"publish","type":"product","link":"https:\/\/www.goldzander.at\/shop\/produkt\/anhaenger-saxophon\/","title":{"rendered":"Anh\u00e4nger &#8220;Saxophon&#8221;"},"content":{"rendered":"<p>Ein Anh\u00e4nger aus 585 Gelbgold im Motiv eines Saxophons. Ein perfektes Geschenk f\u00fcr alle Musiker und Musikliebhaber.<\/p>\n","protected":false},"excerpt":{"rendered":"<p>Ein Anh\u00e4nger aus 585 Gelbgold im Motiv eines Saxophons. Ein perfektes Geschenk f\u00fcr alle Musiker und Musikliebhaber.<\/p>\n<p>&nbsp;<\/p>\n<p>&nbsp;<\/p>\n<p>&nbsp;<\/p>\n","protected":false},"featured_media":8499,"comment_status":"open","ping_status":"closed","template":"","meta":[],"product_brand":[],"product_cat":[124],"product_tag":[98,110,309,441],"woo-feed-brand":[],"class_list":{"0":"post-8498","1":"product","2":"type-product","3":"status-publish","4":"has-post-thumbnail","6":"product_cat-anhaenger","7":"product_tag-anhaenger","8":"product_tag-gold","9":"product_tag-saxophon","10":"product_tag-goldanhaenger","12":"first","13":"instock","14":"taxable","15":"shipping-taxable","16":"purchasable","17":"product-type-simple"},"_links":{"self":[{"href":"https:\/\/www.goldzander.at\/shop\/wp-json\/wp\/v2\/product\/8498","targetHints":{"allow":["GET"]}}],"collection":[{"href":"https:\/\/www.goldzander.at\/shop\/wp-json\/wp\/v2\/product"}],"about":[{"href":"https:\/\/www.goldzander.at\/shop\/wp-json\/wp\/v2\/types\/product"}],"replies":[{"embeddable":true,"href":"https:\/\/www.goldzander.at\/shop\/wp-json\/wp\/v2\/comments?post=8498"}],"wp:featuredmedia":[{"embeddable":true,"href":"https:\/\/www.goldzander.at\/shop\/wp-json\/wp\/v2\/media\/8499"}],"wp:attachment":[{"href":"https:\/\/www.goldzander.at\/shop\/wp-json\/wp\/v2\/media?parent=8498"}],"wp:term":[{"taxonomy":"product_brand","embeddable":true,"href":"https:\/\/www.goldzander.at\/shop\/wp-json\/wp\/v2\/product_brand?post=8498"},{"taxonomy":"product_cat","embeddable":true,"href":"https:\/\/www.goldzander.at\/shop\/wp-json\/wp\/v2\/product_cat?post=8498"},{"taxonomy":"product_tag","embeddable":true,"href":"https:\/\/www.goldzander.at\/shop\/wp-json\/wp\/v2\/product_tag?post=8498"},{"taxonomy":"woo-feed-brand","embeddable":true,"href":"https:\/\/www.goldzander.at\/shop\/wp-json\/wp\/v2\/woo-feed-brand?post=8498"}],"curies":[{"name":"wp","href":"https:\/\/api.w.org\/{rel}","templated":true}]}}