{"id":8482,"date":"2023-02-28T09:33:26","date_gmt":"2023-02-28T08:33:26","guid":{"rendered":"https:\/\/www.goldzander.at\/shop\/?post_type=product&#038;p=8482"},"modified":"2023-02-28T09:39:48","modified_gmt":"2023-02-28T08:39:48","slug":"anhaenger-motorrad","status":"publish","type":"product","link":"https:\/\/www.goldzander.at\/shop\/produkt\/anhaenger-motorrad\/","title":{"rendered":"Anh\u00e4nger &#8220;Motorrad&#8221;"},"content":{"rendered":"<p>Ein Anh\u00e4nger aus 585 Gelbgold im Motiv eines\u00a0Motorrads als perfektes Accessoire f\u00fcr jeden Motorradfan.<\/p>\n<p>Das Motorrad-Design ist sehr detailliert und zeigt alle wichtigen Elemente eines echten Motorrads, einschlie\u00dflich der R\u00e4der, des Lenkers, des Sattels und des Auspuffs.<\/p>\n<p>Dieser Goldanh\u00e4nger ist eine gro\u00dfartige Geschenkidee f\u00fcr jeden, der gerne Motorrad f\u00e4hrt oder Motorr\u00e4der sammelt. Es ist auch ein wunderbares Andenken an eine besondere Motorraderfahrung oder ein besonderes Ereignis im Leben eines Motorradfahrers, wie zum Beispiel eine lange Reise oder ein bedeutendes Rennen.<\/p>\n","protected":false},"excerpt":{"rendered":"<p>Ein Anh\u00e4nger aus 585 Gelbgold im Motiv eines\u00a0Motorrads als perfektes Accessoire f\u00fcr jeden Motorradfan.<\/p>\n<span class=\"su-lightbox\" data-mfp-src=\"https:\/\/www.youtube.com\/watch?v=lvyc0vUa28I\" data-mfp-type=\"iframe\" data-mobile=\"yes\">\u00a0<a href=\"https:\/\/www.goldzander.at\/shop\" class=\"su-button su-button-style-flat\" style=\"color:#FFFFFF;background-color:#efa12d;border-color:#c08124;border-radius:5px\" target=\"_self\" rel=\"lightbox\"><span style=\"color:#FFFFFF;padding:6px 16px;font-size:13px;line-height:20px;border-color:#f4be6c;border-radius:5px;text-shadow:none\"><i class=\"sui sui-youtube-play\" style=\"font-size:13px;color:#FFFFFF\"><\/i> Produktvideo<\/span><\/a> <\/span>\n<p>&nbsp;<\/p>\n<p>&nbsp;<\/p>\n","protected":false},"featured_media":8483,"comment_status":"open","ping_status":"closed","template":"","meta":[],"product_brand":[],"product_cat":[124],"product_tag":[98,110,441],"woo-feed-brand":[],"class_list":{"0":"post-8482","1":"product","2":"type-product","3":"status-publish","4":"has-post-thumbnail","6":"product_cat-anhaenger","7":"product_tag-anhaenger","8":"product_tag-gold","9":"product_tag-goldanhaenger","11":"first","12":"instock","13":"taxable","14":"shipping-taxable","15":"purchasable","16":"product-type-simple"},"_links":{"self":[{"href":"https:\/\/www.goldzander.at\/shop\/wp-json\/wp\/v2\/product\/8482","targetHints":{"allow":["GET"]}}],"collection":[{"href":"https:\/\/www.goldzander.at\/shop\/wp-json\/wp\/v2\/product"}],"about":[{"href":"https:\/\/www.goldzander.at\/shop\/wp-json\/wp\/v2\/types\/product"}],"replies":[{"embeddable":true,"href":"https:\/\/www.goldzander.at\/shop\/wp-json\/wp\/v2\/comments?post=8482"}],"wp:featuredmedia":[{"embeddable":true,"href":"https:\/\/www.goldzander.at\/shop\/wp-json\/wp\/v2\/media\/8483"}],"wp:attachment":[{"href":"https:\/\/www.goldzander.at\/shop\/wp-json\/wp\/v2\/media?parent=8482"}],"wp:term":[{"taxonomy":"product_brand","embeddable":true,"href":"https:\/\/www.goldzander.at\/shop\/wp-json\/wp\/v2\/product_brand?post=8482"},{"taxonomy":"product_cat","embeddable":true,"href":"https:\/\/www.goldzander.at\/shop\/wp-json\/wp\/v2\/product_cat?post=8482"},{"taxonomy":"product_tag","embeddable":true,"href":"https:\/\/www.goldzander.at\/shop\/wp-json\/wp\/v2\/product_tag?post=8482"},{"taxonomy":"woo-feed-brand","embeddable":true,"href":"https:\/\/www.goldzander.at\/shop\/wp-json\/wp\/v2\/woo-feed-brand?post=8482"}],"curies":[{"name":"wp","href":"https:\/\/api.w.org\/{rel}","templated":true}]}}