{"id":831,"date":"2020-04-18T12:13:24","date_gmt":"2020-04-18T10:13:24","guid":{"rendered":"https:\/\/www.goldzander.at\/shop\/?post_type=product&#038;p=831"},"modified":"2022-09-30T10:56:02","modified_gmt":"2022-09-30T08:56:02","slug":"collier-solitaire","status":"publish","type":"product","link":"https:\/\/www.goldzander.at\/shop\/produkt\/collier-solitaire\/","title":{"rendered":"Collier Solitaire"},"content":{"rendered":"<p>Collier der Marke\u00a0<span lang=\"DE\">Solitaire<\/span><\/p>\n<p>Brillant: 1 St\u00fcck, W-SI<\/p>\n<p>ca. 0,05 ct<\/p>\n<p>585 Wei\u00dfgold<\/p>\n<p>Kettenl\u00e4nge: 45 cm, Zopfkette<\/p>\n<p>Das Collier wird mit Zertifikat geliefert.<\/p>\n<h2>Beschreibung<\/h2>\n<p>Brilliant mit 6 <span lang=\"DE\">Krappen<\/span> gefasst, aus der Solitaire-Linie, ein Klassiker f\u00fcr jeden Tag.<\/p>\n<h1><span lang=\"DE\">Solitaire \u2013 Welt der Diamanten<\/span><\/h1>\n<p><span lang=\"DE\">Die Marke Solitaire von Giloy, einer der renommiertesten Manufakturen Deutschlands, ist bekannt f\u00fcr au\u00dfergew\u00f6hnliche Diamantenkreationen wie zum Beispiel dieses exklusive Collier.<\/span><\/p>\n<p><span lang=\"DE\">Ein Solitaire ist ein Schmuckst\u00fcck mit einem einzelnen Diamanten im Brillantschliff in einer sogenannten Krappenfassung. Der Edelstein wird von schmalen Streifen aus Edelmetall, den \u201eKrappen\u201c, gehalten, wodurch Licht von allen Seiten einfallen kann und das Maximum an Brillanz des Diamanten herausgeholt wird. Die Bezeichnung \u201eSolitaire\u201c leitet sich von \u201esolitaire\u201c, dem franz\u00f6sischen Wort f\u00fcr Einzelg\u00e4nger ab. Somit steht diese Schmuckst\u00fcck gleichnishaft daf\u00fcr, dass die Auserw\u00e4hlte die Einzige ist (einmalig, unersetzbar).<\/span><\/p>\n","protected":false},"excerpt":{"rendered":"<p>Collier der Marke\u00a0<span lang=\"DE\">Solitaire<\/span><\/p>\n<p>Brillant: 1 St\u00fcck, W-SI<\/p>\n<p>ca. 0,05 ct<\/p>\n<p>585 Wei\u00dfgold<\/p>\n<p>Kettenl\u00e4nge: 45 cm, Zopfkette<\/p>\n","protected":false},"featured_media":811,"comment_status":"open","ping_status":"closed","template":"","meta":[],"product_brand":[],"product_cat":[126,133],"product_tag":[127,134,135,138],"woo-feed-brand":[],"class_list":{"0":"post-831","1":"product","2":"type-product","3":"status-publish","4":"has-post-thumbnail","6":"product_cat-colliers","7":"product_cat-solitaire","8":"product_tag-weissgold","9":"product_tag-solitaire","10":"product_tag-solitaere","11":"product_tag-collier","13":"first","14":"instock","15":"taxable","16":"shipping-taxable","17":"purchasable","18":"product-type-simple"},"_links":{"self":[{"href":"https:\/\/www.goldzander.at\/shop\/wp-json\/wp\/v2\/product\/831","targetHints":{"allow":["GET"]}}],"collection":[{"href":"https:\/\/www.goldzander.at\/shop\/wp-json\/wp\/v2\/product"}],"about":[{"href":"https:\/\/www.goldzander.at\/shop\/wp-json\/wp\/v2\/types\/product"}],"replies":[{"embeddable":true,"href":"https:\/\/www.goldzander.at\/shop\/wp-json\/wp\/v2\/comments?post=831"}],"wp:featuredmedia":[{"embeddable":true,"href":"https:\/\/www.goldzander.at\/shop\/wp-json\/wp\/v2\/media\/811"}],"wp:attachment":[{"href":"https:\/\/www.goldzander.at\/shop\/wp-json\/wp\/v2\/media?parent=831"}],"wp:term":[{"taxonomy":"product_brand","embeddable":true,"href":"https:\/\/www.goldzander.at\/shop\/wp-json\/wp\/v2\/product_brand?post=831"},{"taxonomy":"product_cat","embeddable":true,"href":"https:\/\/www.goldzander.at\/shop\/wp-json\/wp\/v2\/product_cat?post=831"},{"taxonomy":"product_tag","embeddable":true,"href":"https:\/\/www.goldzander.at\/shop\/wp-json\/wp\/v2\/product_tag?post=831"},{"taxonomy":"woo-feed-brand","embeddable":true,"href":"https:\/\/www.goldzander.at\/shop\/wp-json\/wp\/v2\/woo-feed-brand?post=831"}],"curies":[{"name":"wp","href":"https:\/\/api.w.org\/{rel}","templated":true}]}}