{"id":823,"date":"2020-04-17T12:56:45","date_gmt":"2020-04-17T10:56:45","guid":{"rendered":"https:\/\/www.goldzander.at\/shop\/?post_type=product&#038;p=823"},"modified":"2025-10-26T21:28:01","modified_gmt":"2025-10-26T20:28:01","slug":"anhaenger-mit-kette-bellaluce-kreis-mit-gelbgoldraute","status":"publish","type":"product","link":"https:\/\/www.goldzander.at\/shop\/produkt\/anhaenger-mit-kette-bellaluce-kreis-mit-gelbgoldraute\/","title":{"rendered":"Anh\u00e4nger mit Kette bellaluce &#8220;Kreis mit Gelbgold-Raute&#8221;"},"content":{"rendered":"<p>Anh\u00e4nger mit Kette der Marke bellaluce &#8220;Kreis&#8221;<\/p>\n<p>Brillanten: 8 St\u00fcck, W-SI<\/p>\n<p>Zusammen ca. 0,10ct<\/p>\n<p>585 Wei\u00dfgold und Gelbgold<\/p>\n<p>Kettenl\u00e4nge: 45 cm<\/p>\n<p>Der Anh\u00e4nger wird mit einem Zertifikat mitgeliefert.<\/p>\n<h2>Beschreibung<\/h2>\n<p>Der Anh\u00e4nger l\u00e4sst sich in L\u00fcnette (Wei\u00dfgold) und Anh\u00e4nger (Gelbgold) zerlegen und kann so einzeln getragen werden. Der Anh\u00e4nger ist mit 8 Brillanten best\u00fcckt.<\/p>\n<h2>bellalcue<\/h2>\n<p>Die Marke bellaluce steht f\u00fcr einzigartige Diamantkreationen. \u00a0Die bellaluce-Diamanten sind in Brillantform geschliffen, was ihnen ihr unverwechselbares Funkeln verleiht und sie zum Blickfang macht. Durch den exklusiven Schliff ist jeder Edelstein ein Unikat.<\/p>\n<p>Vor Millionen Jahren im Dunklen der Erde gelegen\u00a0und enormen Druck ausgesetzt- so entstand der Diamant bis er entdeckt wurde und durch den unvergleichlichen Brillantschliff zu einem kostbarem Schmuckst\u00fcck verarbeitet wurde. Durch seine Klarheit, seine\u00a0Reinheit\u00a0und seine H\u00e4rte steht der Brillant wohl als sch\u00f6nstes Symbol f\u00fcr die Liebe.<\/p>\n<p>bellaluce ist erstklassiger Brillantschmuck made in Germany und wir sind stolz, Ihnen diese Marke in der Steiermark exklusiv anbieten zu d\u00fcrfen.\u00a0Egal ob Verlobungsringe, Eheringe\/Trauringe oder Brillantketten \u2013 das grandiose Preis-Leistungsverh\u00e4ltnis und die erstklassige Verarbeitung machen ein Schmuckst\u00fcck von bellaluce immer zur ersten Wahl.<\/p>\n","protected":false},"excerpt":{"rendered":"<p>Der Kreis als Symbol der Ewigkeit vereint mit dem begehrtesten aller Edelsteine im Brillantschliff.<\/p>\n","protected":false},"featured_media":773,"comment_status":"open","ping_status":"closed","template":"","meta":[],"product_brand":[],"product_cat":[115,124,126],"product_tag":[98,127,128,129,130,131,132],"woo-feed-brand":[],"class_list":{"0":"post-823","1":"product","2":"type-product","3":"status-publish","4":"has-post-thumbnail","6":"product_cat-bellaluce","7":"product_cat-anhaenger","8":"product_cat-colliers","9":"product_tag-anhaenger","10":"product_tag-weissgold","11":"product_tag-colliers","12":"product_tag-bellaluce","13":"product_tag-kette","14":"product_tag-gelbgold","15":"product_tag-brillanten","17":"first","18":"instock","19":"taxable","20":"shipping-taxable","21":"purchasable","22":"product-type-simple"},"_links":{"self":[{"href":"https:\/\/www.goldzander.at\/shop\/wp-json\/wp\/v2\/product\/823","targetHints":{"allow":["GET"]}}],"collection":[{"href":"https:\/\/www.goldzander.at\/shop\/wp-json\/wp\/v2\/product"}],"about":[{"href":"https:\/\/www.goldzander.at\/shop\/wp-json\/wp\/v2\/types\/product"}],"replies":[{"embeddable":true,"href":"https:\/\/www.goldzander.at\/shop\/wp-json\/wp\/v2\/comments?post=823"}],"wp:featuredmedia":[{"embeddable":true,"href":"https:\/\/www.goldzander.at\/shop\/wp-json\/wp\/v2\/media\/773"}],"wp:attachment":[{"href":"https:\/\/www.goldzander.at\/shop\/wp-json\/wp\/v2\/media?parent=823"}],"wp:term":[{"taxonomy":"product_brand","embeddable":true,"href":"https:\/\/www.goldzander.at\/shop\/wp-json\/wp\/v2\/product_brand?post=823"},{"taxonomy":"product_cat","embeddable":true,"href":"https:\/\/www.goldzander.at\/shop\/wp-json\/wp\/v2\/product_cat?post=823"},{"taxonomy":"product_tag","embeddable":true,"href":"https:\/\/www.goldzander.at\/shop\/wp-json\/wp\/v2\/product_tag?post=823"},{"taxonomy":"woo-feed-brand","embeddable":true,"href":"https:\/\/www.goldzander.at\/shop\/wp-json\/wp\/v2\/woo-feed-brand?post=823"}],"curies":[{"name":"wp","href":"https:\/\/api.w.org\/{rel}","templated":true}]}}