{"id":8127,"date":"2023-02-07T11:24:03","date_gmt":"2023-02-07T10:24:03","guid":{"rendered":"https:\/\/www.goldzander.at\/shop\/?post_type=product&#038;p=8127"},"modified":"2025-03-30T23:39:41","modified_gmt":"2025-03-30T21:39:41","slug":"katze-aus-silber","status":"publish","type":"product","link":"https:\/\/www.goldzander.at\/shop\/produkt\/katze-aus-silber\/","title":{"rendered":"Katze aus Silber"},"content":{"rendered":"<p>Diese Katze ist aus Silber und mit Hartemail \u00fcberzogen, welches ihr ihren braun-wei\u00dfen Glanz gibt.\u00a0Katze bedeutet Weiblichkeit und Unabh\u00e4ngigkeit und ist ein Symbol der Selbstst\u00e4ndigkeit, der Lust, des Eigensinns und des Willens. Dieser Silbergegenstand ist ein perfektes Geschenk f\u00fcr Katzenliebhaber oder als dekoratives Element f\u00fcr Zuhause.<\/p>\n<p>Gewicht: 15,7 g<\/p>\n<p>Material: Silber<\/p>\n<p>&nbsp;<\/p>\n","protected":false},"excerpt":{"rendered":"<p>Diese Katze ist aus Silber und mit Hartemail \u00fcberzogen, welches ihr ihren braun-wei\u00dfen Glanz gibt.\u00a0Katze bedeutet Weiblichkeit und Unabh\u00e4ngigkeit und ist ein Symbol der Selbstst\u00e4ndigkeit, der Lust, des Eigensinns und des Willens. Dieser Silbergegenstand ist ein perfektes Geschenk f\u00fcr Katzenliebhaber oder als dekoratives Element f\u00fcr Zuhause.<\/p>\n<p>&nbsp;<\/p>\n<p>&nbsp;<\/p>\n","protected":false},"featured_media":8128,"comment_status":"open","ping_status":"closed","template":"","meta":[],"product_brand":[],"product_cat":[87,95,316,437],"product_tag":[96,99,120,434],"woo-feed-brand":[],"class_list":{"0":"post-8127","1":"product","2":"type-product","3":"status-publish","4":"has-post-thumbnail","6":"product_cat-deko","7":"product_cat-silber","8":"product_cat-gegenstaende","9":"product_cat-silbertier","10":"product_tag-katze","11":"product_tag-silber","12":"product_tag-geschenksatikel","13":"product_tag-geschenk","15":"first","16":"instock","17":"taxable","18":"shipping-taxable","19":"purchasable","20":"product-type-simple"},"_links":{"self":[{"href":"https:\/\/www.goldzander.at\/shop\/wp-json\/wp\/v2\/product\/8127","targetHints":{"allow":["GET"]}}],"collection":[{"href":"https:\/\/www.goldzander.at\/shop\/wp-json\/wp\/v2\/product"}],"about":[{"href":"https:\/\/www.goldzander.at\/shop\/wp-json\/wp\/v2\/types\/product"}],"replies":[{"embeddable":true,"href":"https:\/\/www.goldzander.at\/shop\/wp-json\/wp\/v2\/comments?post=8127"}],"wp:featuredmedia":[{"embeddable":true,"href":"https:\/\/www.goldzander.at\/shop\/wp-json\/wp\/v2\/media\/8128"}],"wp:attachment":[{"href":"https:\/\/www.goldzander.at\/shop\/wp-json\/wp\/v2\/media?parent=8127"}],"wp:term":[{"taxonomy":"product_brand","embeddable":true,"href":"https:\/\/www.goldzander.at\/shop\/wp-json\/wp\/v2\/product_brand?post=8127"},{"taxonomy":"product_cat","embeddable":true,"href":"https:\/\/www.goldzander.at\/shop\/wp-json\/wp\/v2\/product_cat?post=8127"},{"taxonomy":"product_tag","embeddable":true,"href":"https:\/\/www.goldzander.at\/shop\/wp-json\/wp\/v2\/product_tag?post=8127"},{"taxonomy":"woo-feed-brand","embeddable":true,"href":"https:\/\/www.goldzander.at\/shop\/wp-json\/wp\/v2\/woo-feed-brand?post=8127"}],"curies":[{"name":"wp","href":"https:\/\/api.w.org\/{rel}","templated":true}]}}