{"id":8122,"date":"2023-02-07T11:11:23","date_gmt":"2023-02-07T10:11:23","guid":{"rendered":"https:\/\/www.goldzander.at\/shop\/?post_type=product&#038;p=8122"},"modified":"2025-03-30T23:37:00","modified_gmt":"2025-03-30T21:37:00","slug":"delphin-aus-silber","status":"publish","type":"product","link":"https:\/\/www.goldzander.at\/shop\/produkt\/delphin-aus-silber\/","title":{"rendered":"Delphin aus Silber"},"content":{"rendered":"<p>Dieser Delphin ist aus echtem Silber und mit Hartemail blau-wei\u00df \u00fcberzogen. Das Tier gilt als Retter f\u00fcr Schiffbr\u00fcchige. In der christlichen Symbolik stehen es f\u00fcr Christus, den Seelenretter.\u00a0In vielen Kulturen symbolisiert der Delphin Freiheit, Intelligenz und Harmonisches Zusammenleben. Dieser Silbergegenstand ist ein perfektes Geschenk f\u00fcr jemanden, der diese Werte sch\u00e4tzt oder ein Fan von Delphinen ist. Dieser Silbergegenstand ist ein perfektes Geschenk f\u00fcr Hundeliebhaber oder als dekoratives Element f\u00fcr Zuhause.<\/p>\n<p>Gewicht: 9,5 g<\/p>\n<p>Material: Silber<\/p>\n<p>.<\/p>\n","protected":false},"excerpt":{"rendered":"<p>Dieser Delphin ist aus echtem Silber und mit Hartemail blau-wei\u00df \u00fcberzogen. Das Tier gilt als Retter f\u00fcr Schiffbr\u00fcchige. In der christlichen Symbolik stehen es f\u00fcr Christus, den Seelenretter.\u00a0In vielen Kulturen symbolisiert der Delphin Freiheit, Intelligenz und Harmonisches Zusammenleben. Dieser Silbergegenstand ist ein perfektes Geschenk f\u00fcr jemanden, der diese Werte sch\u00e4tzt oder ein Fan von Delphinen ist. Dieser Silbergegenstand ist ein perfektes Geschenk f\u00fcr Hundeliebhaber oder als dekoratives Element f\u00fcr Zuhause.<\/p>\n<p>&nbsp;<\/p>\n<p>&nbsp;<\/p>\n","protected":false},"featured_media":8123,"comment_status":"open","ping_status":"closed","template":"","meta":[],"product_brand":[],"product_cat":[87,95,316,437],"product_tag":[99,120,304,434],"woo-feed-brand":[],"class_list":{"0":"post-8122","1":"product","2":"type-product","3":"status-publish","4":"has-post-thumbnail","6":"product_cat-deko","7":"product_cat-silber","8":"product_cat-gegenstaende","9":"product_cat-silbertier","10":"product_tag-silber","11":"product_tag-geschenksatikel","12":"product_tag-delphin","13":"product_tag-geschenk","15":"first","16":"instock","17":"taxable","18":"shipping-taxable","19":"purchasable","20":"product-type-simple"},"_links":{"self":[{"href":"https:\/\/www.goldzander.at\/shop\/wp-json\/wp\/v2\/product\/8122","targetHints":{"allow":["GET"]}}],"collection":[{"href":"https:\/\/www.goldzander.at\/shop\/wp-json\/wp\/v2\/product"}],"about":[{"href":"https:\/\/www.goldzander.at\/shop\/wp-json\/wp\/v2\/types\/product"}],"replies":[{"embeddable":true,"href":"https:\/\/www.goldzander.at\/shop\/wp-json\/wp\/v2\/comments?post=8122"}],"wp:featuredmedia":[{"embeddable":true,"href":"https:\/\/www.goldzander.at\/shop\/wp-json\/wp\/v2\/media\/8123"}],"wp:attachment":[{"href":"https:\/\/www.goldzander.at\/shop\/wp-json\/wp\/v2\/media?parent=8122"}],"wp:term":[{"taxonomy":"product_brand","embeddable":true,"href":"https:\/\/www.goldzander.at\/shop\/wp-json\/wp\/v2\/product_brand?post=8122"},{"taxonomy":"product_cat","embeddable":true,"href":"https:\/\/www.goldzander.at\/shop\/wp-json\/wp\/v2\/product_cat?post=8122"},{"taxonomy":"product_tag","embeddable":true,"href":"https:\/\/www.goldzander.at\/shop\/wp-json\/wp\/v2\/product_tag?post=8122"},{"taxonomy":"woo-feed-brand","embeddable":true,"href":"https:\/\/www.goldzander.at\/shop\/wp-json\/wp\/v2\/woo-feed-brand?post=8122"}],"curies":[{"name":"wp","href":"https:\/\/api.w.org\/{rel}","templated":true}]}}