{"id":7928,"date":"2023-01-24T11:55:03","date_gmt":"2023-01-24T10:55:03","guid":{"rendered":"https:\/\/www.goldzander.at\/shop\/?post_type=product&#038;p=7928"},"modified":"2023-01-24T21:59:37","modified_gmt":"2023-01-24T20:59:37","slug":"ring-mit-einem-brillanten-giloy","status":"publish","type":"product","link":"https:\/\/www.goldzander.at\/shop\/produkt\/ring-mit-einem-brillanten-giloy\/","title":{"rendered":"Ring mit einem Brillanten Giloy"},"content":{"rendered":"<p>Ring der Marke Giloy<\/p>\n<p>Brillanten: 1 St\u00fcck, W-SI<\/p>\n<p>585 Ros\u00e9 Gold<\/p>\n<p>Zusammen ca. 0,09 ct<\/p>\n<h2>Beschreibung<\/h2>\n<div class=\"w-full border-b border-black\/10 dark:border-gray-900\/50 text-gray-800 dark:text-gray-100 group bg-gray-50 dark:bg-[#444654]\">\n<div class=\"text-base gap-4 md:gap-6 m-auto md:max-w-2xl lg:max-w-2xl xl:max-w-3xl p-4 md:py-6 flex lg:px-0\">\n<div class=\"relative flex w-[calc(100%-50px)] md:flex-col lg:w-[calc(100%-115px)]\">\n<div class=\"flex flex-grow flex-col gap-3\">\n<div class=\"min-h-[20px] flex flex-col items-start gap-4 whitespace-pre-wrap\">\n<div class=\"markdown prose w-full break-words dark:prose-invert light\">\n<p>Der Giloy Ring aus 585 Ros\u00e9 Gold ist ein echter Hingucker. Der Ring ist mit einem funkelnden Brillanten W-SI von ca. 0,09 ct besetzt und verleiht jedem Outfit eine edle Note. Der Ros\u00e9 Goldton sorgt f\u00fcr eine warme und romantische Ausstrahlung. Dieser Ring ist ein perfektes Geschenk f\u00fcr die Liebste oder eine besondere Gelegenheit. Der qualitativ hochwertige Schmuckst\u00fcck von der Marke Giloy ist eine Investition f\u00fcr die Ewigkeit.<\/p>\n<\/div>\n<\/div>\n<\/div>\n<div class=\"text-gray-400 flex self-end lg:self-center justify-center mt-2 gap-4 lg:gap-1 lg:absolute lg:top-0 lg:translate-x-full lg:right-0 lg:mt-0 lg:pl-2 visible\"><\/div>\n<\/div>\n<\/div>\n<\/div>\n","protected":false},"excerpt":{"rendered":"<p>Ring der Marke Giloy<\/p>\n<p>Brillanten: 1 St\u00fcck, W-SI<\/p>\n<p>585 Ros\u00e9 Gold<\/p>\n<p>Zusammen ca. 0,09 ct<\/p>\n","protected":false},"featured_media":7930,"comment_status":"open","ping_status":"closed","template":"","meta":[],"product_brand":[],"product_cat":[116,141],"product_tag":[110,132,139,140],"woo-feed-brand":[],"class_list":{"0":"post-7928","1":"product","2":"type-product","3":"status-publish","4":"has-post-thumbnail","6":"product_cat-ring","7":"product_cat-giloy","8":"product_tag-gold","9":"product_tag-brillanten","10":"product_tag-giloy","11":"product_tag-ring","13":"first","14":"instock","15":"taxable","16":"shipping-taxable","17":"product-type-simple"},"_links":{"self":[{"href":"https:\/\/www.goldzander.at\/shop\/wp-json\/wp\/v2\/product\/7928","targetHints":{"allow":["GET"]}}],"collection":[{"href":"https:\/\/www.goldzander.at\/shop\/wp-json\/wp\/v2\/product"}],"about":[{"href":"https:\/\/www.goldzander.at\/shop\/wp-json\/wp\/v2\/types\/product"}],"replies":[{"embeddable":true,"href":"https:\/\/www.goldzander.at\/shop\/wp-json\/wp\/v2\/comments?post=7928"}],"wp:featuredmedia":[{"embeddable":true,"href":"https:\/\/www.goldzander.at\/shop\/wp-json\/wp\/v2\/media\/7930"}],"wp:attachment":[{"href":"https:\/\/www.goldzander.at\/shop\/wp-json\/wp\/v2\/media?parent=7928"}],"wp:term":[{"taxonomy":"product_brand","embeddable":true,"href":"https:\/\/www.goldzander.at\/shop\/wp-json\/wp\/v2\/product_brand?post=7928"},{"taxonomy":"product_cat","embeddable":true,"href":"https:\/\/www.goldzander.at\/shop\/wp-json\/wp\/v2\/product_cat?post=7928"},{"taxonomy":"product_tag","embeddable":true,"href":"https:\/\/www.goldzander.at\/shop\/wp-json\/wp\/v2\/product_tag?post=7928"},{"taxonomy":"woo-feed-brand","embeddable":true,"href":"https:\/\/www.goldzander.at\/shop\/wp-json\/wp\/v2\/woo-feed-brand?post=7928"}],"curies":[{"name":"wp","href":"https:\/\/api.w.org\/{rel}","templated":true}]}}