{"id":7810,"date":"2023-01-17T13:03:58","date_gmt":"2023-01-17T12:03:58","guid":{"rendered":"https:\/\/www.goldzander.at\/shop\/?post_type=product&#038;p=7810"},"modified":"2026-03-21T14:26:45","modified_gmt":"2026-03-21T13:26:45","slug":"bettelarmband-anhaenger-birthday-18","status":"publish","type":"product","link":"https:\/\/www.goldzander.at\/shop\/produkt\/bettelarmband-anhaenger-birthday-18\/","title":{"rendered":"Bettelarmband-Anh\u00e4nger \u201cBirthday 18\u201d"},"content":{"rendered":"<p>Ein Anh\u00e4nger im Motiv &#8220;Birthday 18&#8221;  aus echtem Silber ist sehr detailliert ausgearbeitet. Der Charm besitzt einen kleinen Karabiner und kann so auf diverse Ketten oder Bettelarmb\u00e4nder angeh\u00e4ngt werden. Er passt auch auf diverse Rei\u00dfverschl\u00fcsse von Jacken, Federpennal oder \u00e4hnliches angeh\u00e4ngt werden. <\/p>\n<p>Mit diesem schicken Anh\u00e4nger wird euer Bettelarmband zum Hingucken.<\/p>\n<p>Motiv: \u201cBirthday 18\u201d<\/p>\n<p>Mit Karabinerverschluss.<\/p>\n<p>Echt Silber<\/p>\n<p>&nbsp;<\/p>\n<div class=\"su-youtube su-u-responsive-media-no\"><iframe loading=\"lazy\" width=\"400\" height=\"400\" src=\"https:\/\/www.youtube.com\/embed\/2IJ6WQ5hbz8?autohide=1&amp;autoplay=1&amp;mute=0&amp;controls=0&amp;fs=1&amp;loop=1&amp;modestbranding=1&amp;playlist=2IJ6WQ5hbz8&amp;rel=0&amp;showinfo=1&amp;theme=light&amp;wmode=&amp;playsinline=1\" frameborder=\"0\" allowfullscreen allow=\"autoplay; encrypted-media; picture-in-picture\" title=\"\"><\/iframe><\/div>\n","protected":false},"excerpt":{"rendered":"<p>Anh\u00e4nger f\u00fcr Bettelarmband &#8220;Birthday 18&#8221;<\/p>\n","protected":false},"featured_media":7811,"comment_status":"open","ping_status":"closed","template":"","meta":[],"product_brand":[],"product_cat":[94,95,124],"product_tag":[383,431,432,97,98,99],"woo-feed-brand":[],"class_list":{"0":"post-7810","1":"product","2":"type-product","3":"status-publish","4":"has-post-thumbnail","6":"product_cat-charms","7":"product_cat-silber","8":"product_cat-anhaenger","9":"product_tag-charm","10":"product_tag-birthday-18","11":"product_tag-432","12":"product_tag-bettelarmbandanhaenger","13":"product_tag-anhaenger","14":"product_tag-silber","16":"first","17":"instock","18":"sold-individually","19":"taxable","20":"shipping-taxable","21":"purchasable","22":"product-type-simple"},"_links":{"self":[{"href":"https:\/\/www.goldzander.at\/shop\/wp-json\/wp\/v2\/product\/7810","targetHints":{"allow":["GET"]}}],"collection":[{"href":"https:\/\/www.goldzander.at\/shop\/wp-json\/wp\/v2\/product"}],"about":[{"href":"https:\/\/www.goldzander.at\/shop\/wp-json\/wp\/v2\/types\/product"}],"replies":[{"embeddable":true,"href":"https:\/\/www.goldzander.at\/shop\/wp-json\/wp\/v2\/comments?post=7810"}],"wp:featuredmedia":[{"embeddable":true,"href":"https:\/\/www.goldzander.at\/shop\/wp-json\/wp\/v2\/media\/7811"}],"wp:attachment":[{"href":"https:\/\/www.goldzander.at\/shop\/wp-json\/wp\/v2\/media?parent=7810"}],"wp:term":[{"taxonomy":"product_brand","embeddable":true,"href":"https:\/\/www.goldzander.at\/shop\/wp-json\/wp\/v2\/product_brand?post=7810"},{"taxonomy":"product_cat","embeddable":true,"href":"https:\/\/www.goldzander.at\/shop\/wp-json\/wp\/v2\/product_cat?post=7810"},{"taxonomy":"product_tag","embeddable":true,"href":"https:\/\/www.goldzander.at\/shop\/wp-json\/wp\/v2\/product_tag?post=7810"},{"taxonomy":"woo-feed-brand","embeddable":true,"href":"https:\/\/www.goldzander.at\/shop\/wp-json\/wp\/v2\/woo-feed-brand?post=7810"}],"curies":[{"name":"wp","href":"https:\/\/api.w.org\/{rel}","templated":true}]}}