{"id":7312,"date":"2022-12-13T14:07:17","date_gmt":"2022-12-13T13:07:17","guid":{"rendered":"https:\/\/www.goldzander.at\/shop\/?post_type=product&#038;p=7312"},"modified":"2022-12-13T14:11:49","modified_gmt":"2022-12-13T13:11:49","slug":"hufeisen-3","status":"publish","type":"product","link":"https:\/\/www.goldzander.at\/shop\/produkt\/hufeisen-3\/","title":{"rendered":"Hufeisen"},"content":{"rendered":"<p>Hufeisen mit Klebblatt. Gl\u00fccksbringer aus echtem Silber<\/p>\n<p>Ein besonderes Geschenk f\u00fcr Silvester und an allen anderen Tagen an denen man &#8220;Viel Gl\u00fcck&#8221; w\u00fcnschen will.<\/p>\n<p>&nbsp;<\/p>\n<p>&nbsp;<\/p>\n","protected":false},"excerpt":{"rendered":"<p>Hufeisen. Gl\u00fccksbringer aus echtem Silber<\/p>\n<p>Ein besonderes Geschenk f\u00fcr Silvester und an allen anderen Tagen an denen man &#8220;Viel Gl\u00fcck&#8221; w\u00fcnschen will.<\/p>\n","protected":false},"featured_media":7313,"comment_status":"open","ping_status":"closed","template":"","meta":[],"product_brand":[],"product_cat":[185],"product_tag":[187,188,189,190],"woo-feed-brand":[],"class_list":{"0":"post-7312","1":"product","2":"type-product","3":"status-publish","4":"has-post-thumbnail","6":"product_cat-gluecksbringer","7":"product_tag-gluecksbringer","8":"product_tag-silvester","9":"product_tag-neujahr","10":"product_tag-hufeisen","12":"first","13":"instock","14":"taxable","15":"shipping-taxable","16":"purchasable","17":"product-type-simple"},"_links":{"self":[{"href":"https:\/\/www.goldzander.at\/shop\/wp-json\/wp\/v2\/product\/7312","targetHints":{"allow":["GET"]}}],"collection":[{"href":"https:\/\/www.goldzander.at\/shop\/wp-json\/wp\/v2\/product"}],"about":[{"href":"https:\/\/www.goldzander.at\/shop\/wp-json\/wp\/v2\/types\/product"}],"replies":[{"embeddable":true,"href":"https:\/\/www.goldzander.at\/shop\/wp-json\/wp\/v2\/comments?post=7312"}],"wp:featuredmedia":[{"embeddable":true,"href":"https:\/\/www.goldzander.at\/shop\/wp-json\/wp\/v2\/media\/7313"}],"wp:attachment":[{"href":"https:\/\/www.goldzander.at\/shop\/wp-json\/wp\/v2\/media?parent=7312"}],"wp:term":[{"taxonomy":"product_brand","embeddable":true,"href":"https:\/\/www.goldzander.at\/shop\/wp-json\/wp\/v2\/product_brand?post=7312"},{"taxonomy":"product_cat","embeddable":true,"href":"https:\/\/www.goldzander.at\/shop\/wp-json\/wp\/v2\/product_cat?post=7312"},{"taxonomy":"product_tag","embeddable":true,"href":"https:\/\/www.goldzander.at\/shop\/wp-json\/wp\/v2\/product_tag?post=7312"},{"taxonomy":"woo-feed-brand","embeddable":true,"href":"https:\/\/www.goldzander.at\/shop\/wp-json\/wp\/v2\/woo-feed-brand?post=7312"}],"curies":[{"name":"wp","href":"https:\/\/api.w.org\/{rel}","templated":true}]}}