{"id":707,"date":"2020-04-08T22:49:29","date_gmt":"2020-04-08T20:49:29","guid":{"rendered":"https:\/\/www.goldzander.at\/shop\/?post_type=product&#038;p=707"},"modified":"2025-03-30T23:19:14","modified_gmt":"2025-03-30T21:19:14","slug":"bellaluce-ring-3","status":"publish","type":"product","link":"https:\/\/www.goldzander.at\/shop\/produkt\/bellaluce-ring-3\/","title":{"rendered":"Ring bellaluce"},"content":{"rendered":"<p>Ring der Marke bellaluce<\/p>\n<p>Brillanten: 13 St\u00fcck, W-SI<\/p>\n<p>585 Gelbgold<\/p>\n<p>Zusammen ca. 0,20 ct<\/p>\n<p>Mit dem Ring wird ein Zertifikat mitgeliefert.<\/p>\n<h2>Beschreibung<\/h2>\n<p>Ein moderner Ring Sammel- und Beisteckring der auch als Vorsteckring getragen werden kann und so mit anderen Ringen kombiniert werden kann.<\/p>\n<h2>bellalcue<\/h2>\n<p>Die Marke bellaluce steht f\u00fcr einzigartige Diamantkreationen. \u00a0Die bellaluce-Diamanten sind in Brillantform geschliffen, was ihnen ihr unverwechselbares Funkeln verleiht und sie zum Blickfang macht. Durch den exklusiven Schliff ist jeder Edelstein ein Unikat.<\/p>\n<p>Vor Millionen Jahren im Dunklen der Erde gelegen\u00a0und enormen Druck ausgesetzt- so entstand der Diamant bis er entdeckt wurde und durch den unvergleichlichen Brillantschliff zu einem kostbarem Schmuckst\u00fcck verarbeitet wurde. Durch seine Klarheit, seine\u00a0Reinheit\u00a0und seine H\u00e4rte steht der Brillant wohl als sch\u00f6nstes Symbol f\u00fcr die Liebe.<\/p>\n<p>bellaluce ist erstklassiger Brillantschmuck made in Germany und wir sind stolz, Ihnen diese Marke in der Steiermark exklusiv anbieten zu d\u00fcrfen.\u00a0Egal ob Verlobungsringe, Eheringe\/Trauringe oder Brillantketten \u2013 das grandiose Preis-Leistungsverh\u00e4ltnis und die erstklassige Verarbeitung machen ein Schmuckst\u00fcck von bellaluce immer zur ersten Wahl.<\/p>\n","protected":false},"excerpt":{"rendered":"<p>Ring der Marke bellaluce<\/p>\n<p><a href=\"https:\/\/www.goldzander.at\/shop\/glossar\/brillanten\/\">Brillanten<\/a>: 13 St\u00fcck, W-SI<\/p>\n<p>585 <a href=\"https:\/\/www.goldzander.at\/shop\/karat\/\">Gelbgold<\/a><\/p>\n<p>Zusammen ca. 0,20 ct<\/p>\n<p>&nbsp;<\/p>\n<span class=\"su-lightbox\" data-mfp-src=\"https:\/\/www.youtube.com\/watch?v=6w8PFT0XyB0\" data-mfp-type=\"iframe\" data-mobile=\"yes\">\u00a0<a href=\"https:\/\/www.goldzander.at\/shop\" class=\"su-button su-button-style-flat\" style=\"color:#FFFFFF;background-color:#efa12d;border-color:#c08124;border-radius:5px\" target=\"_self\" rel=\"lightbox\"><span style=\"color:#FFFFFF;padding:6px 16px;font-size:13px;line-height:20px;border-color:#f4be6c;border-radius:5px;text-shadow:none\"><i class=\"sui sui-youtube-play\" style=\"font-size:13px;color:#FFFFFF\"><\/i> Produktvideo<\/span><\/a> <\/span>\n<p>&nbsp;<\/p>\n","protected":false},"featured_media":708,"comment_status":"open","ping_status":"closed","template":"","meta":[],"product_brand":[],"product_cat":[115,116],"product_tag":[110,129,132],"woo-feed-brand":[],"class_list":{"0":"post-707","1":"product","2":"type-product","3":"status-publish","4":"has-post-thumbnail","6":"product_cat-bellaluce","7":"product_cat-ring","8":"product_tag-gold","9":"product_tag-bellaluce","10":"product_tag-brillanten","12":"first","13":"instock","14":"taxable","15":"shipping-taxable","16":"purchasable","17":"product-type-variable","18":"has-default-attributes"},"_links":{"self":[{"href":"https:\/\/www.goldzander.at\/shop\/wp-json\/wp\/v2\/product\/707","targetHints":{"allow":["GET"]}}],"collection":[{"href":"https:\/\/www.goldzander.at\/shop\/wp-json\/wp\/v2\/product"}],"about":[{"href":"https:\/\/www.goldzander.at\/shop\/wp-json\/wp\/v2\/types\/product"}],"replies":[{"embeddable":true,"href":"https:\/\/www.goldzander.at\/shop\/wp-json\/wp\/v2\/comments?post=707"}],"wp:featuredmedia":[{"embeddable":true,"href":"https:\/\/www.goldzander.at\/shop\/wp-json\/wp\/v2\/media\/708"}],"wp:attachment":[{"href":"https:\/\/www.goldzander.at\/shop\/wp-json\/wp\/v2\/media?parent=707"}],"wp:term":[{"taxonomy":"product_brand","embeddable":true,"href":"https:\/\/www.goldzander.at\/shop\/wp-json\/wp\/v2\/product_brand?post=707"},{"taxonomy":"product_cat","embeddable":true,"href":"https:\/\/www.goldzander.at\/shop\/wp-json\/wp\/v2\/product_cat?post=707"},{"taxonomy":"product_tag","embeddable":true,"href":"https:\/\/www.goldzander.at\/shop\/wp-json\/wp\/v2\/product_tag?post=707"},{"taxonomy":"woo-feed-brand","embeddable":true,"href":"https:\/\/www.goldzander.at\/shop\/wp-json\/wp\/v2\/woo-feed-brand?post=707"}],"curies":[{"name":"wp","href":"https:\/\/api.w.org\/{rel}","templated":true}]}}