{"id":638,"date":"2020-04-06T21:47:33","date_gmt":"2020-04-06T19:47:33","guid":{"rendered":"https:\/\/www.goldzander.at\/shop\/?post_type=product&#038;p=638"},"modified":"2022-09-30T12:50:34","modified_gmt":"2022-09-30T10:50:34","slug":"bettelarmband-anhaenger-stoeckelschuh","status":"publish","type":"product","link":"https:\/\/www.goldzander.at\/shop\/produkt\/bettelarmband-anhaenger-stoeckelschuh\/","title":{"rendered":"Bettelarmband-Anh\u00e4nger &#8220;St\u00f6ckelschuh&#8221;"},"content":{"rendered":"<dl class=\"clear detaillist detaillist--pdp\">\n<dd>Mit diesem schicken Anh\u00e4nger wird euer Bettelarmband zum Hingucken.<\/dd>\n<dd>Motiv: &#8220;St\u00f6ckelschuh&#8221;<\/dd>\n<dd>Mit Karabinerverschluss.<\/dd>\n<dd>Echt Silber<\/dd>\n<\/dl>\n","protected":false},"excerpt":{"rendered":"<p>Anh\u00e4ngerf\u00fcr Bettelarmband &#8220;St\u00f6ckelschuh&#8221;<\/p>\n","protected":false},"featured_media":656,"comment_status":"open","ping_status":"closed","template":"","meta":[],"product_brand":[],"product_cat":[94,95],"product_tag":[97,98,99,100,101],"woo-feed-brand":[],"class_list":{"0":"post-638","1":"product","2":"type-product","3":"status-publish","4":"has-post-thumbnail","6":"product_cat-charms","7":"product_cat-silber","8":"product_tag-bettelarmbandanhaenger","9":"product_tag-anhaenger","10":"product_tag-silber","11":"product_tag-schuh","12":"product_tag-stoeckelschuh","14":"first","15":"instock","16":"featured","17":"taxable","18":"shipping-taxable","19":"purchasable","20":"product-type-simple"},"_links":{"self":[{"href":"https:\/\/www.goldzander.at\/shop\/wp-json\/wp\/v2\/product\/638","targetHints":{"allow":["GET"]}}],"collection":[{"href":"https:\/\/www.goldzander.at\/shop\/wp-json\/wp\/v2\/product"}],"about":[{"href":"https:\/\/www.goldzander.at\/shop\/wp-json\/wp\/v2\/types\/product"}],"replies":[{"embeddable":true,"href":"https:\/\/www.goldzander.at\/shop\/wp-json\/wp\/v2\/comments?post=638"}],"wp:featuredmedia":[{"embeddable":true,"href":"https:\/\/www.goldzander.at\/shop\/wp-json\/wp\/v2\/media\/656"}],"wp:attachment":[{"href":"https:\/\/www.goldzander.at\/shop\/wp-json\/wp\/v2\/media?parent=638"}],"wp:term":[{"taxonomy":"product_brand","embeddable":true,"href":"https:\/\/www.goldzander.at\/shop\/wp-json\/wp\/v2\/product_brand?post=638"},{"taxonomy":"product_cat","embeddable":true,"href":"https:\/\/www.goldzander.at\/shop\/wp-json\/wp\/v2\/product_cat?post=638"},{"taxonomy":"product_tag","embeddable":true,"href":"https:\/\/www.goldzander.at\/shop\/wp-json\/wp\/v2\/product_tag?post=638"},{"taxonomy":"woo-feed-brand","embeddable":true,"href":"https:\/\/www.goldzander.at\/shop\/wp-json\/wp\/v2\/woo-feed-brand?post=638"}],"curies":[{"name":"wp","href":"https:\/\/api.w.org\/{rel}","templated":true}]}}