{"id":4888,"date":"2022-06-09T10:56:37","date_gmt":"2022-06-09T08:56:37","guid":{"rendered":"https:\/\/www.goldzander.at\/shop\/?post_type=product&#038;p=4888"},"modified":"2022-06-09T10:59:04","modified_gmt":"2022-06-09T08:59:04","slug":"bettelarmband-anhaenger-sonne-3","status":"publish","type":"product","link":"https:\/\/www.goldzander.at\/shop\/produkt\/bettelarmband-anhaenger-sonne-3\/","title":{"rendered":"Bettelarmband-Anh\u00e4nger &#8220;Sonne&#8221;"},"content":{"rendered":"<h1>Anh\u00e4nger f\u00fcr Bettelarmband &#8220;Sonne&#8221;.<\/h1>\n<p>Ein Anh\u00e4nger im Motiv einer Sonne aus echtem Silber ist sehr detailliert ausgearbeitet. Der Charm besitzt einen kleinen Karabiner und kann so auf diverse Ketten oder Bettelarmb\u00e4nder angeh\u00e4ngt werden. Er passt auch auf diverse Rei\u00dfverschl\u00fcsse von Jacken, Federpennal oder \u00e4hnliches angeh\u00e4ngt werden. Ein stielvolles Geschenk, f\u00fcr alle, die \u00a0es gerne gruselig angehen.<\/p>\n<p>Mit diesem schicken Anh\u00e4nger wird euer Bettelarmband zum Hingucken.<\/p>\n<p>Motiv: &#8220;Sonne&#8221;<\/p>\n<p>Mit Karabinerverschluss.<\/p>\n<p>Echt Silber<\/p>\n<p>&nbsp;<\/p>\n","protected":false},"excerpt":{"rendered":"<p><strong>Anh\u00e4nger f\u00fcr Bettelarmband &#8220;Sonne&#8221;<\/strong><\/p>\n<p>Ein Anh\u00e4nger im Motiv eines Gespenstes aus echtem Silber ist sehr detailliert ausgearbeitet.<\/p>\n","protected":false},"featured_media":4889,"comment_status":"open","ping_status":"closed","template":"","meta":[],"product_brand":[],"product_cat":[94,95],"product_tag":[97,98,99,382,383],"woo-feed-brand":[],"class_list":{"0":"post-4888","1":"product","2":"type-product","3":"status-publish","4":"has-post-thumbnail","6":"product_cat-charms","7":"product_cat-silber","8":"product_tag-bettelarmbandanhaenger","9":"product_tag-anhaenger","10":"product_tag-silber","11":"product_tag-gespenst","12":"product_tag-charm","14":"first","15":"instock","16":"sold-individually","17":"taxable","18":"shipping-taxable","19":"purchasable","20":"product-type-simple"},"_links":{"self":[{"href":"https:\/\/www.goldzander.at\/shop\/wp-json\/wp\/v2\/product\/4888","targetHints":{"allow":["GET"]}}],"collection":[{"href":"https:\/\/www.goldzander.at\/shop\/wp-json\/wp\/v2\/product"}],"about":[{"href":"https:\/\/www.goldzander.at\/shop\/wp-json\/wp\/v2\/types\/product"}],"replies":[{"embeddable":true,"href":"https:\/\/www.goldzander.at\/shop\/wp-json\/wp\/v2\/comments?post=4888"}],"wp:featuredmedia":[{"embeddable":true,"href":"https:\/\/www.goldzander.at\/shop\/wp-json\/wp\/v2\/media\/4889"}],"wp:attachment":[{"href":"https:\/\/www.goldzander.at\/shop\/wp-json\/wp\/v2\/media?parent=4888"}],"wp:term":[{"taxonomy":"product_brand","embeddable":true,"href":"https:\/\/www.goldzander.at\/shop\/wp-json\/wp\/v2\/product_brand?post=4888"},{"taxonomy":"product_cat","embeddable":true,"href":"https:\/\/www.goldzander.at\/shop\/wp-json\/wp\/v2\/product_cat?post=4888"},{"taxonomy":"product_tag","embeddable":true,"href":"https:\/\/www.goldzander.at\/shop\/wp-json\/wp\/v2\/product_tag?post=4888"},{"taxonomy":"woo-feed-brand","embeddable":true,"href":"https:\/\/www.goldzander.at\/shop\/wp-json\/wp\/v2\/woo-feed-brand?post=4888"}],"curies":[{"name":"wp","href":"https:\/\/api.w.org\/{rel}","templated":true}]}}