{"id":4651,"date":"2022-05-25T09:36:52","date_gmt":"2022-05-25T07:36:52","guid":{"rendered":"https:\/\/www.goldzander.at\/shop\/?post_type=product&#038;p=4651"},"modified":"2022-05-25T09:47:32","modified_gmt":"2022-05-25T07:47:32","slug":"anhaenger-mit-oese-schaf","status":"publish","type":"product","link":"https:\/\/www.goldzander.at\/shop\/produkt\/anhaenger-mit-oese-schaf\/","title":{"rendered":"Anh\u00e4nger mit \u00d6se &#8220;Schaf&#8221;"},"content":{"rendered":"<h1>Anh\u00e4nger mit \u00d6se &#8220;Schaf&#8221;<\/h1>\n<p>Ein Anh\u00e4nger im Motiv eines Schafes aus echtem Silber. Der Anh\u00e4nger ist sehr detailliert ausgearbeitet. Der Anh\u00e4nger besitzt eine \u00d6se und kann somit auf einer Kette getragen werden.\u00a0Ein stielvolles Geschenk f\u00fcr alle Trachtenfreunde.<\/p>\n<p>Motiv: &#8220;Schaf&#8221;<\/p>\n<p>Mit \u00d6se.<\/p>\n<p>Echt Silber<\/p>\n<p>&nbsp;<\/p>\n","protected":false},"excerpt":{"rendered":"<p><strong>Anh\u00e4nger mit \u00d6se &#8220;Schaf&#8221;<\/strong><\/p>\n<p>Ein Anh\u00e4nger im Motiv eines Schafs aus echtem Silber. Der Anh\u00e4nger ist sehr detailliert ausgearbeitet.<\/p>\n","protected":false},"featured_media":4652,"comment_status":"open","ping_status":"closed","template":"","meta":[],"product_brand":[],"product_cat":[95,124],"product_tag":[98,99,383,394],"woo-feed-brand":[],"class_list":{"0":"post-4651","1":"product","2":"type-product","3":"status-publish","4":"has-post-thumbnail","6":"product_cat-silber","7":"product_cat-anhaenger","8":"product_tag-anhaenger","9":"product_tag-silber","10":"product_tag-charm","11":"product_tag-schaf","13":"first","14":"instock","15":"sold-individually","16":"taxable","17":"shipping-taxable","18":"purchasable","19":"product-type-simple"},"_links":{"self":[{"href":"https:\/\/www.goldzander.at\/shop\/wp-json\/wp\/v2\/product\/4651","targetHints":{"allow":["GET"]}}],"collection":[{"href":"https:\/\/www.goldzander.at\/shop\/wp-json\/wp\/v2\/product"}],"about":[{"href":"https:\/\/www.goldzander.at\/shop\/wp-json\/wp\/v2\/types\/product"}],"replies":[{"embeddable":true,"href":"https:\/\/www.goldzander.at\/shop\/wp-json\/wp\/v2\/comments?post=4651"}],"wp:featuredmedia":[{"embeddable":true,"href":"https:\/\/www.goldzander.at\/shop\/wp-json\/wp\/v2\/media\/4652"}],"wp:attachment":[{"href":"https:\/\/www.goldzander.at\/shop\/wp-json\/wp\/v2\/media?parent=4651"}],"wp:term":[{"taxonomy":"product_brand","embeddable":true,"href":"https:\/\/www.goldzander.at\/shop\/wp-json\/wp\/v2\/product_brand?post=4651"},{"taxonomy":"product_cat","embeddable":true,"href":"https:\/\/www.goldzander.at\/shop\/wp-json\/wp\/v2\/product_cat?post=4651"},{"taxonomy":"product_tag","embeddable":true,"href":"https:\/\/www.goldzander.at\/shop\/wp-json\/wp\/v2\/product_tag?post=4651"},{"taxonomy":"woo-feed-brand","embeddable":true,"href":"https:\/\/www.goldzander.at\/shop\/wp-json\/wp\/v2\/woo-feed-brand?post=4651"}],"curies":[{"name":"wp","href":"https:\/\/api.w.org\/{rel}","templated":true}]}}