{"id":3130,"date":"2021-12-08T20:21:57","date_gmt":"2021-12-08T19:21:57","guid":{"rendered":"https:\/\/www.goldzander.at\/shop\/?post_type=product&#038;p=3130"},"modified":"2022-10-14T10:20:59","modified_gmt":"2022-10-14T08:20:59","slug":"schwein-2","status":"publish","type":"product","link":"https:\/\/www.goldzander.at\/shop\/produkt\/schwein-2\/","title":{"rendered":"Schwein"},"content":{"rendered":"<p>Schwein -Gl\u00fccksbringer aus echtem Silber<\/p>\n<p>Ein besonderes Geschenk f\u00fcr Silvester und an allen anderen Tagen an denen man &#8220;Viel Gl\u00fcck&#8221; w\u00fcnschen will.<\/p>\n<p>Perfekt f\u00fcr die Geldb\u00f6rse, so hat man seinen Talisman immer dabei.<\/p>\n<p>Gewicht: 2,5 g<\/p>\n","protected":false},"excerpt":{"rendered":"<p>Schwein -Gl\u00fccksbringer aus echtem Silber<\/p>\n<p>Ein besonderes Geschenk f\u00fcr Silvester und an allen anderen Tagen an denen man &#8220;Viel Gl\u00fcck&#8221; w\u00fcnschen will.<\/p>\n<p>Perfekt f\u00fcr die Geldb\u00f6rse, so hat man seinen Talisman immer dabei.<\/p>\n<p>&nbsp;<\/p>\n<p>&nbsp;<\/p>\n","protected":false},"featured_media":3131,"comment_status":"open","ping_status":"closed","template":"","meta":[],"product_brand":[],"product_cat":[185],"product_tag":[186,187,188,189],"woo-feed-brand":[],"class_list":{"0":"post-3130","1":"product","2":"type-product","3":"status-publish","4":"has-post-thumbnail","6":"product_cat-gluecksbringer","7":"product_tag-schwein","8":"product_tag-gluecksbringer","9":"product_tag-silvester","10":"product_tag-neujahr","12":"first","13":"instock","14":"taxable","15":"shipping-taxable","16":"purchasable","17":"product-type-simple"},"_links":{"self":[{"href":"https:\/\/www.goldzander.at\/shop\/wp-json\/wp\/v2\/product\/3130","targetHints":{"allow":["GET"]}}],"collection":[{"href":"https:\/\/www.goldzander.at\/shop\/wp-json\/wp\/v2\/product"}],"about":[{"href":"https:\/\/www.goldzander.at\/shop\/wp-json\/wp\/v2\/types\/product"}],"replies":[{"embeddable":true,"href":"https:\/\/www.goldzander.at\/shop\/wp-json\/wp\/v2\/comments?post=3130"}],"wp:featuredmedia":[{"embeddable":true,"href":"https:\/\/www.goldzander.at\/shop\/wp-json\/wp\/v2\/media\/3131"}],"wp:attachment":[{"href":"https:\/\/www.goldzander.at\/shop\/wp-json\/wp\/v2\/media?parent=3130"}],"wp:term":[{"taxonomy":"product_brand","embeddable":true,"href":"https:\/\/www.goldzander.at\/shop\/wp-json\/wp\/v2\/product_brand?post=3130"},{"taxonomy":"product_cat","embeddable":true,"href":"https:\/\/www.goldzander.at\/shop\/wp-json\/wp\/v2\/product_cat?post=3130"},{"taxonomy":"product_tag","embeddable":true,"href":"https:\/\/www.goldzander.at\/shop\/wp-json\/wp\/v2\/product_tag?post=3130"},{"taxonomy":"woo-feed-brand","embeddable":true,"href":"https:\/\/www.goldzander.at\/shop\/wp-json\/wp\/v2\/woo-feed-brand?post=3130"}],"curies":[{"name":"wp","href":"https:\/\/api.w.org\/{rel}","templated":true}]}}