{"id":3125,"date":"2021-12-08T20:05:26","date_gmt":"2021-12-08T19:05:26","guid":{"rendered":"https:\/\/www.goldzander.at\/shop\/?post_type=product&#038;p=3125"},"modified":"2021-12-08T20:10:30","modified_gmt":"2021-12-08T19:10:30","slug":"pilz-schwammerl-3","status":"publish","type":"product","link":"https:\/\/www.goldzander.at\/shop\/produkt\/pilz-schwammerl-3\/","title":{"rendered":"Pilz\/Schwammerl"},"content":{"rendered":"<p>Pilz\/Schwammerl -Gl\u00fccksbringer aus echtem Silber<\/p>\n<p>Ein besonderes Geschenk f\u00fcr Silvester und an allen anderen Tagen an denen man &#8220;Viel Gl\u00fcck&#8221; w\u00fcnschen will.<\/p>\n<p>Perfekt f\u00fcr die Geldb\u00f6rse, so hat man seinen Talisman immer dabei.<\/p>\n<p>Gewicht: 0,9 g<\/p>\n","protected":false},"excerpt":{"rendered":"<p>Pilz\/Schwammerl -Gl\u00fccksbringer aus echtem Silber<\/p>\n<p>Ein besonderes Geschenk f\u00fcr Silvester und an allen anderen Tagen an denen man &#8220;Viel Gl\u00fcck&#8221; w\u00fcnschen will.<\/p>\n<p>Perfekt f\u00fcr die Geldb\u00f6rse, so hat man seinen Talisman immer dabei.<\/p>\n<p>&nbsp;<\/p>\n<p>&nbsp;<\/p>\n","protected":false},"featured_media":3126,"comment_status":"open","ping_status":"closed","template":"","meta":[],"product_brand":[],"product_cat":[185],"product_tag":[187,188,189,358,359],"woo-feed-brand":[],"class_list":{"0":"post-3125","1":"product","2":"type-product","3":"status-publish","4":"has-post-thumbnail","6":"product_cat-gluecksbringer","7":"product_tag-gluecksbringer","8":"product_tag-silvester","9":"product_tag-neujahr","10":"product_tag-schwammerl","11":"product_tag-pilz","13":"first","14":"instock","15":"taxable","16":"shipping-taxable","17":"purchasable","18":"product-type-simple"},"_links":{"self":[{"href":"https:\/\/www.goldzander.at\/shop\/wp-json\/wp\/v2\/product\/3125","targetHints":{"allow":["GET"]}}],"collection":[{"href":"https:\/\/www.goldzander.at\/shop\/wp-json\/wp\/v2\/product"}],"about":[{"href":"https:\/\/www.goldzander.at\/shop\/wp-json\/wp\/v2\/types\/product"}],"replies":[{"embeddable":true,"href":"https:\/\/www.goldzander.at\/shop\/wp-json\/wp\/v2\/comments?post=3125"}],"wp:featuredmedia":[{"embeddable":true,"href":"https:\/\/www.goldzander.at\/shop\/wp-json\/wp\/v2\/media\/3126"}],"wp:attachment":[{"href":"https:\/\/www.goldzander.at\/shop\/wp-json\/wp\/v2\/media?parent=3125"}],"wp:term":[{"taxonomy":"product_brand","embeddable":true,"href":"https:\/\/www.goldzander.at\/shop\/wp-json\/wp\/v2\/product_brand?post=3125"},{"taxonomy":"product_cat","embeddable":true,"href":"https:\/\/www.goldzander.at\/shop\/wp-json\/wp\/v2\/product_cat?post=3125"},{"taxonomy":"product_tag","embeddable":true,"href":"https:\/\/www.goldzander.at\/shop\/wp-json\/wp\/v2\/product_tag?post=3125"},{"taxonomy":"woo-feed-brand","embeddable":true,"href":"https:\/\/www.goldzander.at\/shop\/wp-json\/wp\/v2\/woo-feed-brand?post=3125"}],"curies":[{"name":"wp","href":"https:\/\/api.w.org\/{rel}","templated":true}]}}