{"id":3111,"date":"2021-12-07T14:42:03","date_gmt":"2021-12-07T13:42:03","guid":{"rendered":"https:\/\/www.goldzander.at\/shop\/?post_type=product&#038;p=3111"},"modified":"2025-10-04T16:15:02","modified_gmt":"2025-10-04T14:15:02","slug":"rauchfangkehrer-2","status":"publish","type":"product","link":"https:\/\/www.goldzander.at\/shop\/produkt\/rauchfangkehrer-2\/","title":{"rendered":"Rauchfangkehrer"},"content":{"rendered":"<p>Rauchfangkehrer-Gl\u00fccksbringer aus echtem Silber<\/p>\n<p>Ein besonderes Geschenk f\u00fcr Silvester und an allen anderen Tagen an denen man &#8220;Viel Gl\u00fcck&#8221; w\u00fcnschen will.<\/p>\n<p>Perfekt f\u00fcr die Geldb\u00f6rse, so hat man seinen Talisman immer dabei.<\/p>\n<p>Gewicht: 1,3g<\/p>\n","protected":false},"excerpt":{"rendered":"<p>Rauchfangkehrer-Gl\u00fccksbringer aus echtem Silber<\/p>\n<p>Ein besonderes Geschenk f\u00fcr Silvester und an allen anderen Tagen an denen man &#8220;Viel Gl\u00fcck&#8221; w\u00fcnschen will.<\/p>\n<p>&nbsp;<\/p>\n<p>&nbsp;<\/p>\n","protected":false},"featured_media":3112,"comment_status":"open","ping_status":"closed","template":"","meta":[],"product_brand":[],"product_cat":[185],"product_tag":[187,188,189,355],"woo-feed-brand":[],"class_list":{"0":"post-3111","1":"product","2":"type-product","3":"status-publish","4":"has-post-thumbnail","6":"product_cat-gluecksbringer","7":"product_tag-gluecksbringer","8":"product_tag-silvester","9":"product_tag-neujahr","10":"product_tag-rauchfangkehrer","12":"first","13":"outofstock","14":"taxable","15":"shipping-taxable","16":"purchasable","17":"product-type-simple"},"_links":{"self":[{"href":"https:\/\/www.goldzander.at\/shop\/wp-json\/wp\/v2\/product\/3111","targetHints":{"allow":["GET"]}}],"collection":[{"href":"https:\/\/www.goldzander.at\/shop\/wp-json\/wp\/v2\/product"}],"about":[{"href":"https:\/\/www.goldzander.at\/shop\/wp-json\/wp\/v2\/types\/product"}],"replies":[{"embeddable":true,"href":"https:\/\/www.goldzander.at\/shop\/wp-json\/wp\/v2\/comments?post=3111"}],"wp:featuredmedia":[{"embeddable":true,"href":"https:\/\/www.goldzander.at\/shop\/wp-json\/wp\/v2\/media\/3112"}],"wp:attachment":[{"href":"https:\/\/www.goldzander.at\/shop\/wp-json\/wp\/v2\/media?parent=3111"}],"wp:term":[{"taxonomy":"product_brand","embeddable":true,"href":"https:\/\/www.goldzander.at\/shop\/wp-json\/wp\/v2\/product_brand?post=3111"},{"taxonomy":"product_cat","embeddable":true,"href":"https:\/\/www.goldzander.at\/shop\/wp-json\/wp\/v2\/product_cat?post=3111"},{"taxonomy":"product_tag","embeddable":true,"href":"https:\/\/www.goldzander.at\/shop\/wp-json\/wp\/v2\/product_tag?post=3111"},{"taxonomy":"woo-feed-brand","embeddable":true,"href":"https:\/\/www.goldzander.at\/shop\/wp-json\/wp\/v2\/woo-feed-brand?post=3111"}],"curies":[{"name":"wp","href":"https:\/\/api.w.org\/{rel}","templated":true}]}}