{"id":2150,"date":"2021-04-26T09:53:11","date_gmt":"2021-04-26T07:53:11","guid":{"rendered":"https:\/\/www.goldzander.at\/shop\/?post_type=product&#038;p=2150"},"modified":"2021-05-02T16:53:34","modified_gmt":"2021-05-02T14:53:34","slug":"serviettenringe","status":"publish","type":"product","link":"https:\/\/www.goldzander.at\/shop\/produkt\/serviettenringe\/","title":{"rendered":"Serviettenringe Set (4 St\u00fcck)"},"content":{"rendered":"<p>Serviettenringe in Form eines K\u00e4sest\u00fccks mit einer Maus, versilbert.<\/p>\n<p>Das Set besteht aus 4 St\u00fcck.<\/p>\n","protected":false},"excerpt":{"rendered":"<p>Serviettenringe in Form eines K\u00e4sest\u00fccks mit einer Maus.<\/p>\n","protected":false},"featured_media":2151,"comment_status":"open","ping_status":"closed","template":"","meta":[],"product_brand":[],"product_cat":[117,256],"product_tag":[246,257],"woo-feed-brand":[],"class_list":{"0":"post-2150","1":"product","2":"type-product","3":"status-publish","4":"has-post-thumbnail","6":"product_cat-geschenkartikel","7":"product_cat-versilbert","8":"product_tag-versilbert","9":"product_tag-serviettenringe","11":"first","12":"instock","13":"sold-individually","14":"taxable","15":"shipping-taxable","16":"purchasable","17":"product-type-simple"},"_links":{"self":[{"href":"https:\/\/www.goldzander.at\/shop\/wp-json\/wp\/v2\/product\/2150","targetHints":{"allow":["GET"]}}],"collection":[{"href":"https:\/\/www.goldzander.at\/shop\/wp-json\/wp\/v2\/product"}],"about":[{"href":"https:\/\/www.goldzander.at\/shop\/wp-json\/wp\/v2\/types\/product"}],"replies":[{"embeddable":true,"href":"https:\/\/www.goldzander.at\/shop\/wp-json\/wp\/v2\/comments?post=2150"}],"wp:featuredmedia":[{"embeddable":true,"href":"https:\/\/www.goldzander.at\/shop\/wp-json\/wp\/v2\/media\/2151"}],"wp:attachment":[{"href":"https:\/\/www.goldzander.at\/shop\/wp-json\/wp\/v2\/media?parent=2150"}],"wp:term":[{"taxonomy":"product_brand","embeddable":true,"href":"https:\/\/www.goldzander.at\/shop\/wp-json\/wp\/v2\/product_brand?post=2150"},{"taxonomy":"product_cat","embeddable":true,"href":"https:\/\/www.goldzander.at\/shop\/wp-json\/wp\/v2\/product_cat?post=2150"},{"taxonomy":"product_tag","embeddable":true,"href":"https:\/\/www.goldzander.at\/shop\/wp-json\/wp\/v2\/product_tag?post=2150"},{"taxonomy":"woo-feed-brand","embeddable":true,"href":"https:\/\/www.goldzander.at\/shop\/wp-json\/wp\/v2\/woo-feed-brand?post=2150"}],"curies":[{"name":"wp","href":"https:\/\/api.w.org\/{rel}","templated":true}]}}