{"id":2087,"date":"2021-04-02T09:52:22","date_gmt":"2021-04-02T07:52:22","guid":{"rendered":"https:\/\/www.goldzander.at\/shop\/?post_type=product&#038;p=2087"},"modified":"2023-02-07T11:55:00","modified_gmt":"2023-02-07T10:55:00","slug":"anhaenger-silber-mit-rotem-emaille","status":"publish","type":"product","link":"https:\/\/www.goldzander.at\/shop\/produkt\/anhaenger-silber-mit-rotem-emaille\/","title":{"rendered":"Anh\u00e4nger Silber mit rotem Emaille"},"content":{"rendered":"<p>Anh\u00e4nger Silber mit rotem email Fensteremaille in Form eines Mondes.<span class=\"Apple-converted-space\">\u00a0<\/span><\/p>\n<p>Ma\u00dfe Gesamtl\u00e4nge samt \u00d6se: 2,7 cm<\/p>\n","protected":false},"excerpt":{"rendered":"<p>Anh\u00e4nger Silber mit rotem email Fensteremaille in Form eines Mondes.<\/p>\n","protected":false},"featured_media":2088,"comment_status":"open","ping_status":"closed","template":"","meta":[],"product_brand":[],"product_cat":[124],"product_tag":[98,216,254],"woo-feed-brand":[],"class_list":{"0":"post-2087","1":"product","2":"type-product","3":"status-publish","4":"has-post-thumbnail","6":"product_cat-anhaenger","7":"product_tag-anhaenger","8":"product_tag-email","9":"product_tag-mond","11":"first","12":"instock","13":"sold-individually","14":"taxable","15":"shipping-taxable","16":"purchasable","17":"product-type-simple"},"_links":{"self":[{"href":"https:\/\/www.goldzander.at\/shop\/wp-json\/wp\/v2\/product\/2087","targetHints":{"allow":["GET"]}}],"collection":[{"href":"https:\/\/www.goldzander.at\/shop\/wp-json\/wp\/v2\/product"}],"about":[{"href":"https:\/\/www.goldzander.at\/shop\/wp-json\/wp\/v2\/types\/product"}],"replies":[{"embeddable":true,"href":"https:\/\/www.goldzander.at\/shop\/wp-json\/wp\/v2\/comments?post=2087"}],"wp:featuredmedia":[{"embeddable":true,"href":"https:\/\/www.goldzander.at\/shop\/wp-json\/wp\/v2\/media\/2088"}],"wp:attachment":[{"href":"https:\/\/www.goldzander.at\/shop\/wp-json\/wp\/v2\/media?parent=2087"}],"wp:term":[{"taxonomy":"product_brand","embeddable":true,"href":"https:\/\/www.goldzander.at\/shop\/wp-json\/wp\/v2\/product_brand?post=2087"},{"taxonomy":"product_cat","embeddable":true,"href":"https:\/\/www.goldzander.at\/shop\/wp-json\/wp\/v2\/product_cat?post=2087"},{"taxonomy":"product_tag","embeddable":true,"href":"https:\/\/www.goldzander.at\/shop\/wp-json\/wp\/v2\/product_tag?post=2087"},{"taxonomy":"woo-feed-brand","embeddable":true,"href":"https:\/\/www.goldzander.at\/shop\/wp-json\/wp\/v2\/woo-feed-brand?post=2087"}],"curies":[{"name":"wp","href":"https:\/\/api.w.org\/{rel}","templated":true}]}}