{"id":2032,"date":"2021-03-16T09:27:27","date_gmt":"2021-03-16T08:27:27","guid":{"rendered":"https:\/\/www.goldzander.at\/shop\/?post_type=product&#038;p=2032"},"modified":"2022-09-23T13:15:10","modified_gmt":"2022-09-23T11:15:10","slug":"collier-perle-mit-einer-schliesse-bluete","status":"publish","type":"product","link":"https:\/\/www.goldzander.at\/shop\/produkt\/collier-perle-mit-einer-schliesse-bluete\/","title":{"rendered":"Collier Perle mit einer Schlie\u00dfe, Bl\u00fcte"},"content":{"rendered":"<p>Historisches St\u00fcck zu einer Schlie\u00dfe umgearbeitet. Drei Reihen S\u00fc\u00dfwasser-Perlen mit einem Durchmesser von ca. 0,5 cm.<\/p>\n<p>Zeit: Biedermeier<\/p>\n<p>Ma\u00dfe der Schlie\u00dfe: 2,8 x 2,3 cm.<\/p>\n<p>Schlie\u00dfe: Bl\u00fcte mit einer Perle.<\/p>\n<p>&nbsp;<\/p>\n","protected":false},"excerpt":{"rendered":"<p>Historisches St\u00fcck zu einer Schlie\u00dfe umgearbeitet. Drei Reihen S\u00fc\u00dfwasser-Perlen.<\/p>\n","protected":false},"featured_media":2033,"comment_status":"open","ping_status":"closed","template":"","meta":[],"product_brand":[],"product_cat":[126,142],"product_tag":[202,138,143],"woo-feed-brand":[],"class_list":{"0":"post-2032","1":"product","2":"type-product","3":"status-publish","4":"has-post-thumbnail","6":"product_cat-colliers","7":"product_cat-antik","8":"product_tag-perlen","9":"product_tag-collier","10":"product_tag-antik","12":"first","13":"instock","14":"sold-individually","15":"taxable","16":"shipping-taxable","17":"purchasable","18":"product-type-simple"},"_links":{"self":[{"href":"https:\/\/www.goldzander.at\/shop\/wp-json\/wp\/v2\/product\/2032","targetHints":{"allow":["GET"]}}],"collection":[{"href":"https:\/\/www.goldzander.at\/shop\/wp-json\/wp\/v2\/product"}],"about":[{"href":"https:\/\/www.goldzander.at\/shop\/wp-json\/wp\/v2\/types\/product"}],"replies":[{"embeddable":true,"href":"https:\/\/www.goldzander.at\/shop\/wp-json\/wp\/v2\/comments?post=2032"}],"wp:featuredmedia":[{"embeddable":true,"href":"https:\/\/www.goldzander.at\/shop\/wp-json\/wp\/v2\/media\/2033"}],"wp:attachment":[{"href":"https:\/\/www.goldzander.at\/shop\/wp-json\/wp\/v2\/media?parent=2032"}],"wp:term":[{"taxonomy":"product_brand","embeddable":true,"href":"https:\/\/www.goldzander.at\/shop\/wp-json\/wp\/v2\/product_brand?post=2032"},{"taxonomy":"product_cat","embeddable":true,"href":"https:\/\/www.goldzander.at\/shop\/wp-json\/wp\/v2\/product_cat?post=2032"},{"taxonomy":"product_tag","embeddable":true,"href":"https:\/\/www.goldzander.at\/shop\/wp-json\/wp\/v2\/product_tag?post=2032"},{"taxonomy":"woo-feed-brand","embeddable":true,"href":"https:\/\/www.goldzander.at\/shop\/wp-json\/wp\/v2\/woo-feed-brand?post=2032"}],"curies":[{"name":"wp","href":"https:\/\/api.w.org\/{rel}","templated":true}]}}