{"id":2029,"date":"2021-03-16T08:51:09","date_gmt":"2021-03-16T07:51:09","guid":{"rendered":"https:\/\/www.goldzander.at\/shop\/?post_type=product&#038;p=2029"},"modified":"2021-08-10T21:55:34","modified_gmt":"2021-08-10T19:55:34","slug":"collier-perle-tuerkis-und-perle","status":"publish","type":"product","link":"https:\/\/www.goldzander.at\/shop\/produkt\/collier-perle-tuerkis-und-perle\/","title":{"rendered":"Collier Perle mit einer Schlie\u00dfe, besetzt mit T\u00fcrkis und Perle"},"content":{"rendered":"<p>Perlen-Collier mit einer Schlie\u00dfe welche mit Perlen und T\u00fcrkiesen besetzt ist.<\/p>\n<p>Ein historisches St\u00fcck umgearbeitet zu einer Schlie\u00dfe, <a href=\"\/shop\/karat\/\">14 kt Gelbgold<\/a> vergoldet.<\/p>\n<p>Die Schlie\u00dfe l\u00e4sst sich von beiden Seiten \u00f6ffnen, d.h. man k\u00f6nnte auch wahlwei\u00dfen z.B. eine T\u00fcrkiskette (nicht im Lieferumfang) anschlie\u00dfen.<\/p>\n<p>Die Kette besteht aus 6 Reihen Perlen, mit jeweils einem Durchmesser von ca. 0.5 cm<\/p>\n<p>Zeit: Biedermeier<\/p>\n<p>Ma\u00dfe der Schlie\u00dfe: 5,3\u00a0x 3,2 cm.<\/p>\n<p>&nbsp;<\/p>\n","protected":false},"excerpt":{"rendered":"<p>Perlen-Collier mit einer Schlie\u00dfe welche mit Perlen und T\u00fcrkiesen besetzt ist.<\/p>\n","protected":false},"featured_media":2030,"comment_status":"open","ping_status":"closed","template":"","meta":[],"product_brand":[],"product_cat":[126,142],"product_tag":[138,143,199],"woo-feed-brand":[],"class_list":{"0":"post-2029","1":"product","2":"type-product","3":"status-publish","4":"has-post-thumbnail","6":"product_cat-colliers","7":"product_cat-antik","8":"product_tag-collier","9":"product_tag-antik","10":"product_tag-tuerkis","12":"first","13":"instock","14":"sold-individually","15":"taxable","16":"shipping-taxable","17":"purchasable","18":"product-type-simple"},"_links":{"self":[{"href":"https:\/\/www.goldzander.at\/shop\/wp-json\/wp\/v2\/product\/2029","targetHints":{"allow":["GET"]}}],"collection":[{"href":"https:\/\/www.goldzander.at\/shop\/wp-json\/wp\/v2\/product"}],"about":[{"href":"https:\/\/www.goldzander.at\/shop\/wp-json\/wp\/v2\/types\/product"}],"replies":[{"embeddable":true,"href":"https:\/\/www.goldzander.at\/shop\/wp-json\/wp\/v2\/comments?post=2029"}],"wp:featuredmedia":[{"embeddable":true,"href":"https:\/\/www.goldzander.at\/shop\/wp-json\/wp\/v2\/media\/2030"}],"wp:attachment":[{"href":"https:\/\/www.goldzander.at\/shop\/wp-json\/wp\/v2\/media?parent=2029"}],"wp:term":[{"taxonomy":"product_brand","embeddable":true,"href":"https:\/\/www.goldzander.at\/shop\/wp-json\/wp\/v2\/product_brand?post=2029"},{"taxonomy":"product_cat","embeddable":true,"href":"https:\/\/www.goldzander.at\/shop\/wp-json\/wp\/v2\/product_cat?post=2029"},{"taxonomy":"product_tag","embeddable":true,"href":"https:\/\/www.goldzander.at\/shop\/wp-json\/wp\/v2\/product_tag?post=2029"},{"taxonomy":"woo-feed-brand","embeddable":true,"href":"https:\/\/www.goldzander.at\/shop\/wp-json\/wp\/v2\/woo-feed-brand?post=2029"}],"curies":[{"name":"wp","href":"https:\/\/api.w.org\/{rel}","templated":true}]}}