{"id":1895,"date":"2021-02-01T21:44:46","date_gmt":"2021-02-01T20:44:46","guid":{"rendered":"https:\/\/www.goldzander.at\/shop\/?post_type=product&#038;p=1895"},"modified":"2021-02-01T22:02:18","modified_gmt":"2021-02-01T21:02:18","slug":"granat-ring","status":"publish","type":"product","link":"https:\/\/www.goldzander.at\/shop\/produkt\/granat-ring\/","title":{"rendered":"Granat Ring"},"content":{"rendered":"<p>Granat-Ring, 14 Granate umranden einen<span class=\"Apple-converted-space\">\u00a0<\/span>rechteckigen Granaten in der Gr\u00f6\u00dfe von \u00e1 0,5 cm. Die ganze Platte hat 1,7 x 1,2 cm.<span class=\"Apple-converted-space\">\u00a0<\/span><\/p>\n<p>Der Ring ist aus Silber,\u00a0Steine in Silber<span class=\"Apple-converted-space\">\u00a0 <\/span>gefasst.<span class=\"Apple-converted-space\">\u00a0<\/span><\/p>\n<p>Zeit: Anfang 20. Jh<span class=\"Apple-converted-space\">\u00a0 \u00a0<\/span><\/p>\n<p>&nbsp;<\/p>\n<p>&nbsp;<\/p>\n","protected":false},"excerpt":{"rendered":"<p>Granat-Ring, 14 Granate umranden einen rechteckigen Granaten in der Gr\u00f6\u00dfe von \u00e1 0,5 cm. Die ganze Platte hat 1,7 x 1,2 cm.<\/p>\n","protected":false},"featured_media":1896,"comment_status":"open","ping_status":"closed","template":"","meta":[],"product_brand":[],"product_cat":[116,142],"product_tag":[99,140,143,236],"woo-feed-brand":[],"class_list":{"0":"post-1895","1":"product","2":"type-product","3":"status-publish","4":"has-post-thumbnail","6":"product_cat-ring","7":"product_cat-antik","8":"product_tag-silber","9":"product_tag-ring","10":"product_tag-antik","11":"product_tag-granate","13":"first","14":"instock","15":"sold-individually","16":"taxable","17":"shipping-taxable","18":"purchasable","19":"product-type-simple"},"_links":{"self":[{"href":"https:\/\/www.goldzander.at\/shop\/wp-json\/wp\/v2\/product\/1895","targetHints":{"allow":["GET"]}}],"collection":[{"href":"https:\/\/www.goldzander.at\/shop\/wp-json\/wp\/v2\/product"}],"about":[{"href":"https:\/\/www.goldzander.at\/shop\/wp-json\/wp\/v2\/types\/product"}],"replies":[{"embeddable":true,"href":"https:\/\/www.goldzander.at\/shop\/wp-json\/wp\/v2\/comments?post=1895"}],"wp:featuredmedia":[{"embeddable":true,"href":"https:\/\/www.goldzander.at\/shop\/wp-json\/wp\/v2\/media\/1896"}],"wp:attachment":[{"href":"https:\/\/www.goldzander.at\/shop\/wp-json\/wp\/v2\/media?parent=1895"}],"wp:term":[{"taxonomy":"product_brand","embeddable":true,"href":"https:\/\/www.goldzander.at\/shop\/wp-json\/wp\/v2\/product_brand?post=1895"},{"taxonomy":"product_cat","embeddable":true,"href":"https:\/\/www.goldzander.at\/shop\/wp-json\/wp\/v2\/product_cat?post=1895"},{"taxonomy":"product_tag","embeddable":true,"href":"https:\/\/www.goldzander.at\/shop\/wp-json\/wp\/v2\/product_tag?post=1895"},{"taxonomy":"woo-feed-brand","embeddable":true,"href":"https:\/\/www.goldzander.at\/shop\/wp-json\/wp\/v2\/woo-feed-brand?post=1895"}],"curies":[{"name":"wp","href":"https:\/\/api.w.org\/{rel}","templated":true}]}}