{"id":1834,"date":"2021-01-25T14:51:40","date_gmt":"2021-01-25T13:51:40","guid":{"rendered":"https:\/\/www.goldzander.at\/shop\/?post_type=product&#038;p=1834"},"modified":"2022-09-27T10:40:51","modified_gmt":"2022-09-27T08:40:51","slug":"antik-ring","status":"publish","type":"product","link":"https:\/\/www.goldzander.at\/shop\/produkt\/antik-ring\/","title":{"rendered":"Antik Ring"},"content":{"rendered":"<p>Antik-Ring mit zwei kleinen Perlen (Durchmesser \u00e1 3 mm)<span class=\"Apple-converted-space\">\u00a0und\u00a0<\/span>18 Diamant-Rauten.\u00a0<span class=\"Apple-converted-space\">\u00a0<\/span><\/p>\n<p>Ma\u00dfe Vorderteil: 0,6 cm x1,6 cm<\/p>\n<p>Vorderteil in Schiffchen-Form mit Wei\u00dfgold Auflage,<\/p>\n<p>Der Ring ist in 14 Karat Gelbgold.\u00a0<span class=\"Apple-converted-space\">\u00a0<\/span><\/p>\n<p>Zeit: Jugendstiel.<span class=\"Apple-converted-space\">\u00a0 \u00a0<\/span><\/p>\n<p>Punzierung: Meisterpunze, Feingehalt.<span class=\"Apple-converted-space\">\u00a0 \u00a0<\/span><\/p>\n<p>Ringgr\u00f6\u00dfe 57, Gr\u00f6\u00dfe ver\u00e4nderbar.<\/p>\n","protected":false},"excerpt":{"rendered":"<p>Antik-Ring mit zwei kleinen Perlen <span class=\"Apple-converted-space\">und\u00a0<\/span>18 Diamant-Rauten.<\/p>\n","protected":false},"featured_media":1835,"comment_status":"open","ping_status":"closed","template":"","meta":[],"product_brand":[],"product_cat":[116,142],"product_tag":[140,143,202,223],"woo-feed-brand":[],"class_list":{"0":"post-1834","1":"product","2":"type-product","3":"status-publish","4":"has-post-thumbnail","6":"product_cat-ring","7":"product_cat-antik","8":"product_tag-ring","9":"product_tag-antik","10":"product_tag-perlen","11":"product_tag-diamant-rauten","13":"first","14":"instock","15":"sold-individually","16":"taxable","17":"shipping-taxable","18":"purchasable","19":"product-type-simple"},"_links":{"self":[{"href":"https:\/\/www.goldzander.at\/shop\/wp-json\/wp\/v2\/product\/1834","targetHints":{"allow":["GET"]}}],"collection":[{"href":"https:\/\/www.goldzander.at\/shop\/wp-json\/wp\/v2\/product"}],"about":[{"href":"https:\/\/www.goldzander.at\/shop\/wp-json\/wp\/v2\/types\/product"}],"replies":[{"embeddable":true,"href":"https:\/\/www.goldzander.at\/shop\/wp-json\/wp\/v2\/comments?post=1834"}],"wp:featuredmedia":[{"embeddable":true,"href":"https:\/\/www.goldzander.at\/shop\/wp-json\/wp\/v2\/media\/1835"}],"wp:attachment":[{"href":"https:\/\/www.goldzander.at\/shop\/wp-json\/wp\/v2\/media?parent=1834"}],"wp:term":[{"taxonomy":"product_brand","embeddable":true,"href":"https:\/\/www.goldzander.at\/shop\/wp-json\/wp\/v2\/product_brand?post=1834"},{"taxonomy":"product_cat","embeddable":true,"href":"https:\/\/www.goldzander.at\/shop\/wp-json\/wp\/v2\/product_cat?post=1834"},{"taxonomy":"product_tag","embeddable":true,"href":"https:\/\/www.goldzander.at\/shop\/wp-json\/wp\/v2\/product_tag?post=1834"},{"taxonomy":"woo-feed-brand","embeddable":true,"href":"https:\/\/www.goldzander.at\/shop\/wp-json\/wp\/v2\/woo-feed-brand?post=1834"}],"curies":[{"name":"wp","href":"https:\/\/api.w.org\/{rel}","templated":true}]}}