{"id":1793,"date":"2021-01-13T21:25:39","date_gmt":"2021-01-13T20:25:39","guid":{"rendered":"https:\/\/www.goldzander.at\/shop\/?post_type=product&#038;p=1793"},"modified":"2022-09-27T11:09:33","modified_gmt":"2022-09-27T09:09:33","slug":"anhaenger-tuerkies-email","status":"publish","type":"product","link":"https:\/\/www.goldzander.at\/shop\/produkt\/anhaenger-tuerkies-email\/","title":{"rendered":"Anh\u00e4nger mit T\u00fcrkies und Email"},"content":{"rendered":"<p>Gelbgold-Anh\u00e4nger, 14 Karat Gelbgold. Hundekopf Graz Punziert.<span class=\"Apple-converted-space\">\u00a0<\/span><\/p>\n<p>Biedermeier-Anh\u00e4nger, reichhaltig verziert. In der oberen H\u00e4lfte ist ein T\u00fcykies Kabachon, rund geschliffen (0,45 x 0,55 cm) .<\/p>\n<p>Darunter wei\u00dfes und blaues email. Am Ende der Spitze sieht man fragmentarisch noch wei\u00dfes und blaues Email. De R\u00fcckseite ist auch reichhaltig verziert.<span class=\"Apple-converted-space\">\u00a0<\/span><\/p>\n<p>Ma\u00dfe:1,8 x<span class=\"Apple-converted-space\">\u00a0 <\/span>3,6 cm<span class=\"Apple-converted-space\">\u00a0<\/span><\/p>\n<p>Mit \u00d6se l\u00e4nge: 4,65 cm<span class=\"Apple-converted-space\">\u00a0<\/span><\/p>\n","protected":false},"excerpt":{"rendered":"<p>Biedermeier-Anh\u00e4nger, reichhaltig verziert. In der oberen H\u00e4lfte ist ein T\u00fcykies, Kabachon, rund geschliffen<\/p>\n","protected":false},"featured_media":1794,"comment_status":"open","ping_status":"closed","template":"","meta":[],"product_brand":[],"product_cat":[142],"product_tag":[216,98,197,210],"woo-feed-brand":[],"class_list":{"0":"post-1793","1":"product","2":"type-product","3":"status-publish","4":"has-post-thumbnail","6":"product_cat-antik","7":"product_tag-email","8":"product_tag-anhaenger","9":"product_tag-antikschmuck","10":"product_tag-tuerkies","12":"first","13":"instock","14":"sold-individually","15":"taxable","16":"shipping-taxable","17":"purchasable","18":"product-type-simple"},"_links":{"self":[{"href":"https:\/\/www.goldzander.at\/shop\/wp-json\/wp\/v2\/product\/1793","targetHints":{"allow":["GET"]}}],"collection":[{"href":"https:\/\/www.goldzander.at\/shop\/wp-json\/wp\/v2\/product"}],"about":[{"href":"https:\/\/www.goldzander.at\/shop\/wp-json\/wp\/v2\/types\/product"}],"replies":[{"embeddable":true,"href":"https:\/\/www.goldzander.at\/shop\/wp-json\/wp\/v2\/comments?post=1793"}],"wp:featuredmedia":[{"embeddable":true,"href":"https:\/\/www.goldzander.at\/shop\/wp-json\/wp\/v2\/media\/1794"}],"wp:attachment":[{"href":"https:\/\/www.goldzander.at\/shop\/wp-json\/wp\/v2\/media?parent=1793"}],"wp:term":[{"taxonomy":"product_brand","embeddable":true,"href":"https:\/\/www.goldzander.at\/shop\/wp-json\/wp\/v2\/product_brand?post=1793"},{"taxonomy":"product_cat","embeddable":true,"href":"https:\/\/www.goldzander.at\/shop\/wp-json\/wp\/v2\/product_cat?post=1793"},{"taxonomy":"product_tag","embeddable":true,"href":"https:\/\/www.goldzander.at\/shop\/wp-json\/wp\/v2\/product_tag?post=1793"},{"taxonomy":"woo-feed-brand","embeddable":true,"href":"https:\/\/www.goldzander.at\/shop\/wp-json\/wp\/v2\/woo-feed-brand?post=1793"}],"curies":[{"name":"wp","href":"https:\/\/api.w.org\/{rel}","templated":true}]}}