{"id":1782,"date":"2021-01-13T21:05:07","date_gmt":"2021-01-13T20:05:07","guid":{"rendered":"https:\/\/www.goldzander.at\/shop\/?post_type=product&#038;p=1782"},"modified":"2023-02-07T11:59:30","modified_gmt":"2023-02-07T10:59:30","slug":"emaille-anhaenger","status":"publish","type":"product","link":"https:\/\/www.goldzander.at\/shop\/produkt\/emaille-anhaenger\/","title":{"rendered":"Emaille-Anh\u00e4nger"},"content":{"rendered":"<p>Anh\u00e4nger aus 14 Karat Gelbgold mit\u00a0Fensteremail und Emaille auf Gold.<\/p>\n<p>\u201eA\u201c f\u00fcr \u00d6sterreich punziert.<span class=\"Apple-converted-space\">\u00a0<\/span><\/p>\n<p>Bild:<\/p>\n<p>Dame mit langen Haaren, welche aus einem Gef\u00e4\u00df Wasser aussch\u00fcttet.<span class=\"Apple-converted-space\">\u00a0<\/span><\/p>\n<p>Ma\u00dfe:<span class=\"Apple-converted-space\">\u00a0<\/span><\/p>\n<p>Durchmesser 2,05 cm<span class=\"Apple-converted-space\">\u00a0<\/span><\/p>\n<p>L\u00e4nge mit \u00d6se: 2,7cm<\/p>\n","protected":false},"excerpt":{"rendered":"<p>Anh\u00e4nger aus 14 Karat Gelbgold mit\u00a0Fensteremaille und Emaille auf Gold.<\/p>\n","protected":false},"featured_media":1783,"comment_status":"open","ping_status":"closed","template":"","meta":[],"product_brand":[],"product_cat":[142],"product_tag":[98,197,439],"woo-feed-brand":[],"class_list":{"0":"post-1782","1":"product","2":"type-product","3":"status-publish","4":"has-post-thumbnail","6":"product_cat-antik","7":"product_tag-anhaenger","8":"product_tag-antikschmuck","9":"product_tag-emaille","11":"first","12":"instock","13":"sold-individually","14":"taxable","15":"shipping-taxable","16":"purchasable","17":"product-type-simple"},"_links":{"self":[{"href":"https:\/\/www.goldzander.at\/shop\/wp-json\/wp\/v2\/product\/1782","targetHints":{"allow":["GET"]}}],"collection":[{"href":"https:\/\/www.goldzander.at\/shop\/wp-json\/wp\/v2\/product"}],"about":[{"href":"https:\/\/www.goldzander.at\/shop\/wp-json\/wp\/v2\/types\/product"}],"replies":[{"embeddable":true,"href":"https:\/\/www.goldzander.at\/shop\/wp-json\/wp\/v2\/comments?post=1782"}],"wp:featuredmedia":[{"embeddable":true,"href":"https:\/\/www.goldzander.at\/shop\/wp-json\/wp\/v2\/media\/1783"}],"wp:attachment":[{"href":"https:\/\/www.goldzander.at\/shop\/wp-json\/wp\/v2\/media?parent=1782"}],"wp:term":[{"taxonomy":"product_brand","embeddable":true,"href":"https:\/\/www.goldzander.at\/shop\/wp-json\/wp\/v2\/product_brand?post=1782"},{"taxonomy":"product_cat","embeddable":true,"href":"https:\/\/www.goldzander.at\/shop\/wp-json\/wp\/v2\/product_cat?post=1782"},{"taxonomy":"product_tag","embeddable":true,"href":"https:\/\/www.goldzander.at\/shop\/wp-json\/wp\/v2\/product_tag?post=1782"},{"taxonomy":"woo-feed-brand","embeddable":true,"href":"https:\/\/www.goldzander.at\/shop\/wp-json\/wp\/v2\/woo-feed-brand?post=1782"}],"curies":[{"name":"wp","href":"https:\/\/api.w.org\/{rel}","templated":true}]}}