{"id":1619,"date":"2020-12-10T13:30:18","date_gmt":"2020-12-10T12:30:18","guid":{"rendered":"https:\/\/www.goldzander.at\/shop\/?post_type=product&#038;p=1619"},"modified":"2024-01-10T21:05:45","modified_gmt":"2024-01-10T20:05:45","slug":"marienkaefer","status":"publish","type":"product","link":"https:\/\/www.goldzander.at\/shop\/produkt\/marienkaefer\/","title":{"rendered":"Marienk\u00e4fer Anh\u00e4nger"},"content":{"rendered":"<p>Dieser besondere Gl\u00fccksbringer mit \u00d6se ist aus Silber und mit Flussemail \u00fcberzogen.<\/p>\n<p>Man kann ihn aufstellen, oder leicht einen Anh\u00e4nger daraus machen.<\/p>\n<p>Ein besonderer Gl\u00fccksbringer zu Silvester oder an andren Tagen, an denen man Gl\u00fcck verschenken m\u00f6chte.<\/p>\n<p>Gewicht 2,34 g<\/p>\n","protected":false},"excerpt":{"rendered":"<p>Marienk\u00e4fer-Anh\u00e4nger, echt Silber<\/p>\n","protected":false},"featured_media":1620,"comment_status":"open","ping_status":"closed","template":"","meta":[],"product_brand":[],"product_cat":[185],"product_tag":[188,189,192,187],"woo-feed-brand":[],"class_list":{"0":"post-1619","1":"product","2":"type-product","3":"status-publish","4":"has-post-thumbnail","6":"product_cat-gluecksbringer","7":"product_tag-silvester","8":"product_tag-neujahr","9":"product_tag-marinekaefer","10":"product_tag-gluecksbringer","12":"first","13":"instock","14":"taxable","15":"shipping-taxable","16":"purchasable","17":"product-type-simple"},"_links":{"self":[{"href":"https:\/\/www.goldzander.at\/shop\/wp-json\/wp\/v2\/product\/1619","targetHints":{"allow":["GET"]}}],"collection":[{"href":"https:\/\/www.goldzander.at\/shop\/wp-json\/wp\/v2\/product"}],"about":[{"href":"https:\/\/www.goldzander.at\/shop\/wp-json\/wp\/v2\/types\/product"}],"replies":[{"embeddable":true,"href":"https:\/\/www.goldzander.at\/shop\/wp-json\/wp\/v2\/comments?post=1619"}],"wp:featuredmedia":[{"embeddable":true,"href":"https:\/\/www.goldzander.at\/shop\/wp-json\/wp\/v2\/media\/1620"}],"wp:attachment":[{"href":"https:\/\/www.goldzander.at\/shop\/wp-json\/wp\/v2\/media?parent=1619"}],"wp:term":[{"taxonomy":"product_brand","embeddable":true,"href":"https:\/\/www.goldzander.at\/shop\/wp-json\/wp\/v2\/product_brand?post=1619"},{"taxonomy":"product_cat","embeddable":true,"href":"https:\/\/www.goldzander.at\/shop\/wp-json\/wp\/v2\/product_cat?post=1619"},{"taxonomy":"product_tag","embeddable":true,"href":"https:\/\/www.goldzander.at\/shop\/wp-json\/wp\/v2\/product_tag?post=1619"},{"taxonomy":"woo-feed-brand","embeddable":true,"href":"https:\/\/www.goldzander.at\/shop\/wp-json\/wp\/v2\/woo-feed-brand?post=1619"}],"curies":[{"name":"wp","href":"https:\/\/api.w.org\/{rel}","templated":true}]}}