{"id":1481,"date":"2020-11-09T11:22:24","date_gmt":"2020-11-09T10:22:24","guid":{"rendered":"https:\/\/www.goldzander.at\/shop\/?post_type=product&#038;p=1481"},"modified":"2024-12-24T13:18:29","modified_gmt":"2024-12-24T12:18:29","slug":"krippe-aus-glas-oval","status":"publish","type":"product","link":"https:\/\/www.goldzander.at\/shop\/produkt\/krippe-aus-glas-oval\/","title":{"rendered":"Krippe aus Glas (6 St\u00fcck)"},"content":{"rendered":"<p>Krippe aus Glas. Die Krippe eignend sich als besonders sch\u00f6ne Weihnachtsdekoration sowohl f\u00fcr den Festtisch als auch auf dem Christbaum.<\/p>\n<p>Sie ist filigran gearbeitet und ist auch eine besonderes Mitbringsel oder als Zusatzanh\u00e4nger zu einem liebevoll verpacktes Geschenk.<\/p>\n<p>Besonders sind die vergoldeten Akzente.<\/p>\n<p>Gr\u00f6\u00dfe: 5cm<\/p>\n","protected":false},"excerpt":{"rendered":"<p>Krippe aus Glas.<\/p>\n","protected":false},"featured_media":1482,"comment_status":"open","ping_status":"closed","template":"","meta":[],"product_brand":[],"product_cat":[163,170],"product_tag":[121,157,171,181],"woo-feed-brand":[],"class_list":{"0":"post-1481","1":"product","2":"type-product","3":"status-publish","4":"has-post-thumbnail","6":"product_cat-weihnachten","7":"product_cat-christbaumschmuck","8":"product_tag-glas","9":"product_tag-vergoldet","10":"product_tag-christbaumschmuck","11":"product_tag-krippe","13":"first","14":"outofstock","15":"taxable","16":"shipping-taxable","17":"purchasable","18":"product-type-simple"},"_links":{"self":[{"href":"https:\/\/www.goldzander.at\/shop\/wp-json\/wp\/v2\/product\/1481","targetHints":{"allow":["GET"]}}],"collection":[{"href":"https:\/\/www.goldzander.at\/shop\/wp-json\/wp\/v2\/product"}],"about":[{"href":"https:\/\/www.goldzander.at\/shop\/wp-json\/wp\/v2\/types\/product"}],"replies":[{"embeddable":true,"href":"https:\/\/www.goldzander.at\/shop\/wp-json\/wp\/v2\/comments?post=1481"}],"wp:featuredmedia":[{"embeddable":true,"href":"https:\/\/www.goldzander.at\/shop\/wp-json\/wp\/v2\/media\/1482"}],"wp:attachment":[{"href":"https:\/\/www.goldzander.at\/shop\/wp-json\/wp\/v2\/media?parent=1481"}],"wp:term":[{"taxonomy":"product_brand","embeddable":true,"href":"https:\/\/www.goldzander.at\/shop\/wp-json\/wp\/v2\/product_brand?post=1481"},{"taxonomy":"product_cat","embeddable":true,"href":"https:\/\/www.goldzander.at\/shop\/wp-json\/wp\/v2\/product_cat?post=1481"},{"taxonomy":"product_tag","embeddable":true,"href":"https:\/\/www.goldzander.at\/shop\/wp-json\/wp\/v2\/product_tag?post=1481"},{"taxonomy":"woo-feed-brand","embeddable":true,"href":"https:\/\/www.goldzander.at\/shop\/wp-json\/wp\/v2\/woo-feed-brand?post=1481"}],"curies":[{"name":"wp","href":"https:\/\/api.w.org\/{rel}","templated":true}]}}