{"id":66,"date":"2020-04-04T09:51:58","date_gmt":"2020-04-04T07:51:58","guid":{"rendered":""},"modified":"2020-04-08T20:53:03","modified_gmt":"2020-04-08T18:53:03","slug":"versandarten","status":"publish","type":"page","link":"https:\/\/www.goldzander.at\/shop\/versandarten\/","title":{"rendered":"Versandarten"},"content":{"rendered":"\n<div class=\"wp-block-group\"><div class=\"wp-block-group__inner-container is-layout-flow wp-block-group-is-layout-flow\">\n<h2 class=\"wp-block-heading\">Versandarten<\/h2>\n<\/div><\/div>\n\n\n\n<p><strong>Standardversand:\u00a0<\/strong>5,00\u00a0\u20ac<\/p>\n\n\n\n<p><strong>Versandkostenfrei<\/strong> ab einem Bestellwert von \u20ac49,- (hierzu muss &#8220;Versandkostenfrei ausgew\u00e4hlt werden)<\/p>\n\n\n\n<p>Versand wird mit der Post.at. Wenn an der angegebenen Lieferadresse niemand anzutreffen ist, hinterl\u00e4sst der Postbote eine Benachrichtigung und das Paket wird bei der n\u00e4chsten Postfiliale gelagert, wo es ca. 7 Tage f\u00fcr dich zur Abholung bereit steht. Alle Sendungen der \u00d6sterreichischen Post werden in \u00d6sterreich CO2 neutral zugestellt. <\/p>\n\n\n\n<p><\/p>\n","protected":false},"excerpt":{"rendered":"<p>Versandarten Standardversand:\u00a05,00\u00a0\u20ac Versandkostenfrei ab einem Bestellwert von \u20ac49,- (hierzu muss &#8220;Versandkostenfrei ausgew\u00e4hlt werden) Versand wird mit der Post.at. Wenn an der angegebenen Lieferadresse niemand anzutreffen ist, hinterl\u00e4sst der Postbote eine Benachrichtigung und das Paket wird bei der n\u00e4chsten Postfiliale gelagert, wo es ca. 7 Tage f\u00fcr dich zur Abholung bereit steht. Alle Sendungen der \u00d6sterreichischen [&#8230;]\n","protected":false},"author":1,"featured_media":0,"parent":0,"menu_order":0,"comment_status":"closed","ping_status":"closed","template":"","meta":{"footnotes":""},"class_list":["post-66","page","type-page","status-publish","hentry"],"_links":{"self":[{"href":"https:\/\/www.goldzander.at\/shop\/wp-json\/wp\/v2\/pages\/66","targetHints":{"allow":["GET"]}}],"collection":[{"href":"https:\/\/www.goldzander.at\/shop\/wp-json\/wp\/v2\/pages"}],"about":[{"href":"https:\/\/www.goldzander.at\/shop\/wp-json\/wp\/v2\/types\/page"}],"author":[{"embeddable":true,"href":"https:\/\/www.goldzander.at\/shop\/wp-json\/wp\/v2\/users\/1"}],"replies":[{"embeddable":true,"href":"https:\/\/www.goldzander.at\/shop\/wp-json\/wp\/v2\/comments?post=66"}],"version-history":[{"count":4,"href":"https:\/\/www.goldzander.at\/shop\/wp-json\/wp\/v2\/pages\/66\/revisions"}],"predecessor-version":[{"id":705,"href":"https:\/\/www.goldzander.at\/shop\/wp-json\/wp\/v2\/pages\/66\/revisions\/705"}],"wp:attachment":[{"href":"https:\/\/www.goldzander.at\/shop\/wp-json\/wp\/v2\/media?parent=66"}],"curies":[{"name":"wp","href":"https:\/\/api.w.org\/{rel}","templated":true}]}}