{"id":63,"date":"2020-04-04T09:51:58","date_gmt":"2020-04-04T07:51:58","guid":{"rendered":""},"modified":"2022-08-29T22:16:35","modified_gmt":"2022-08-29T20:16:35","slug":"impressum","status":"publish","type":"page","link":"https:\/\/www.goldzander.at\/shop\/impressum\/","title":{"rendered":"Impressum"},"content":{"rendered":"\n<h1 class=\"title\" data-reader-unique-id=\"titleElement\">Impressum:<\/h1>\n<p data-reader-unique-id=\"4\"><strong data-reader-unique-id=\"5\">Inhaberin und Gesch\u00e4ftsf\u00fchrerin:<\/strong><\/p>\n<div>Renate Winkler\u00a0<\/div>\n<div>Goldzander e.U.<\/div>\n<div><span id=\"eeb-565467-330386\"><\/span><span style=\"background-color: #282828;\"><script type=\"text\/javascript\">(function(){var ml=\"0t-9kFDnh%rmi3oa2cCS6ElAesf\",mi=\"9=B?9@08:HJ9=69@@;?<F1>9=G9@@9@0AF?II9=69@@;?<F2F<749@@9=EC?A4I1:?9B=935H9@0@D9=B9@5?9=E\",o=\"\";for(var j=0,l=mi.length;j<l;j++){o+=ml.charAt(mi.charCodeAt(j)-48);}document.getElementById(\"eeb-565467-330386\").innerHTML = decodeURIComponent(o);}());<\/script><\/span><\/div>\n<div><a href=\"https:\/\/www.google.at\/maps\/place\/Goldzander+-+Juwelier+im+Zanderhof+\u2022+Graz\/@47.0735426,15.4341113,17z\/data=!4m6!1m3!3m2!1s0x476e3582ee19d317:0x4fcf8b3a3adb99b8!2sGoldzander+-+Juwelier+im+Zanderhof+\u2022+Graz!3m1!1s0x476e3582ee19d317:0x4fcf8b3a3adb99b8\" target=\"_blank\" rel=\"noopener noreferrer\">8010 Graz<\/a><\/div>\n<div><a href=\"https:\/\/www.google.at\/maps\/place\/Goldzander+-+Juwelier+im+Zanderhof+\u2022+Graz\/@47.0735426,15.4341113,17z\/data=!4m6!1m3!3m2!1s0x476e3582ee19d317:0x4fcf8b3a3adb99b8!2sGoldzander+-+Juwelier+im+Zanderhof+\u2022+Graz!3m1!1s0x476e3582ee19d317:0x4fcf8b3a3adb99b8\" target=\"_blank\" rel=\"noopener noreferrer\">Steiermark<\/a><\/div>\n<div><a href=\"https:\/\/www.google.at\/maps\/place\/Goldzander+-+Juwelier+im+Zanderhof+\u2022+Graz\/@47.0735426,15.4341113,17z\/data=!4m6!1m3!3m2!1s0x476e3582ee19d317:0x4fcf8b3a3adb99b8!2sGoldzander+-+Juwelier+im+Zanderhof+\u2022+Graz!3m1!1s0x476e3582ee19d317:0x4fcf8b3a3adb99b8\" target=\"_blank\" rel=\"noopener noreferrer\">\u00d6sterreich<\/a><\/div>\n<div>\u00a0<\/div>\n<div>Telefon: <a href=\"tel:+4369917140570\">+43\/0699\/171 405 70<\/a><\/div>\n<div>\u00a0<\/div>\n<div>Unternehmensgegenstand: Juwelier<br \/>UID: ATU68551809<\/div>\n<div>Gerichsstandort: Graz-Stadt\u00a0\u00a0<\/div>\n<div>Mitglied bei der WKO Steiermark<\/div>\n<div>Sparte Handel, Juwelen-, Uhren-, Kunst-,<\/div>\n<div>Antiquit\u00e4ten- und Briefmarkenhandel.\u00a0<a href=\"https:\/\/www.wko.at\/Content.Node\/branchen\/stmk\/Juwelen---Uhren---Kunst---Antiquitaeten--und-Briefmarkenhandel\/Startseite_-_Juwelen-,_Uhren-,_Kunst-,_Antiquitaeten-_und_B.html\" target=\"_blank\" rel=\"noopener noreferrer\">www.wko.at<\/a><\/div>\n<div>\u00a0<\/div>\n<div>Gewerbeordnung:\u00a0<a href=\"http:\/\/www.ris.bka.gv.at\" target=\"_blank\" rel=\"alternate noopener noreferrer\">www.ris.bka.gv.at<\/a><\/div>\n<div>Berufsbezeichnung: Handelsgewerbe<\/div>\n<div>Copyright 2020 Goldzander - Renate Winkler<\/div>\n<div>Alle Rechte vorbehalten.\u00a0<\/div>\n<div>Anregungen und Fragen bitte an <span id=\"eeb-632163-93130\"><\/span><script type=\"text\/javascript\">(function(){var ml=\"Emfsg0ci2DFewol%zhkA.dr-4Ctan3\",mi=\"?MIK?85AF;2?M9?881K7>J=?MCF;LKJ;D<7LB>;F?H54=>E@KLE;FDKJ?88?856>K33?M9?881K7>G>7LB?88?M0F;LKJ;D<7LB>;F?H54=>E@KLE;FDKJ?MI?8:K?M0\",o=\"\";for(var j=0,l=mi.length;j<l;j++){o+=ml.charAt(mi.charCodeAt(j)-48);}document.getElementById(\"eeb-632163-93130\").innerHTML = decodeURIComponent(o);}());<\/script><noscript>*protected email*<\/noscript>\n<p>Dies ist die Onlinepr\u00e4senz des Juwelier Goldzander, sie dient zu Informationszwecken und Werbezwecken.<\/p>\n<p>Wir nehmen nicht an einem Streitbeilegungsverfahren vor einer Verbraucherschlichtungsstelle teil.<\/p>\n<p>Als Einzelh\u00e4ndler sind wir dazu nicht verpflichtet.\u00a0<\/p>\n<p>Die Verkaufst\u00e4tigkeit erfolgt im Gesch\u00e4ftslokal Sackstra\u00dfe 26, 8010 Graz, \u00d6sterreich, bez. per Versand.\u00a0<\/p>\n<\/div>\n<p data-reader-unique-id=\"49\">Die Datenschutzerkl\u00e4rung finden Sie <a href=\"https:\/\/www.goldzander.at\/shop\/datenschutzerklaerung\/\" data-reader-unique-id=\"68\">hier<\/a>. \u00a0<\/p>\n<p data-reader-unique-id=\"69\">Es gelten die AGB welche Sie <a href=\"https:\/\/www.goldzander.at\/shop\/agb\/\" data-reader-unique-id=\"70\">hier<\/a> finden.<\/p>\n<p data-reader-unique-id=\"71\">Bez\u00fcglich Urheber etc. gelten die Bestimmungen, welche Sie <a href=\"https:\/\/www.goldzander.at\/shop\/agb\/\" data-reader-unique-id=\"70\">hier<\/a>\u00a0finden.\u00a0<\/p>\n<p data-reader-unique-id=\"75\">Alle Fotos, wenn nicht anders angegeben:<\/p>\n<p data-reader-unique-id=\"76\">\u00a9Andreas Winkler, 2020<\/p>\n\n","protected":false},"excerpt":{"rendered":"","protected":false},"author":1,"featured_media":0,"parent":0,"menu_order":0,"comment_status":"closed","ping_status":"closed","template":"","meta":{"footnotes":""},"class_list":["post-63","page","type-page","status-publish","hentry"],"_links":{"self":[{"href":"https:\/\/www.goldzander.at\/shop\/wp-json\/wp\/v2\/pages\/63","targetHints":{"allow":["GET"]}}],"collection":[{"href":"https:\/\/www.goldzander.at\/shop\/wp-json\/wp\/v2\/pages"}],"about":[{"href":"https:\/\/www.goldzander.at\/shop\/wp-json\/wp\/v2\/types\/page"}],"author":[{"embeddable":true,"href":"https:\/\/www.goldzander.at\/shop\/wp-json\/wp\/v2\/users\/1"}],"replies":[{"embeddable":true,"href":"https:\/\/www.goldzander.at\/shop\/wp-json\/wp\/v2\/comments?post=63"}],"version-history":[{"count":7,"href":"https:\/\/www.goldzander.at\/shop\/wp-json\/wp\/v2\/pages\/63\/revisions"}],"predecessor-version":[{"id":5990,"href":"https:\/\/www.goldzander.at\/shop\/wp-json\/wp\/v2\/pages\/63\/revisions\/5990"}],"wp:attachment":[{"href":"https:\/\/www.goldzander.at\/shop\/wp-json\/wp\/v2\/media?parent=63"}],"curies":[{"name":"wp","href":"https:\/\/api.w.org\/{rel}","templated":true}]}}