{"id":1267,"date":"2020-10-10T18:38:33","date_gmt":"2020-10-10T16:38:33","guid":{"rendered":"https:\/\/www.goldzander.at\/shop\/?page_id=1267"},"modified":"2022-09-14T09:04:16","modified_gmt":"2022-09-14T07:04:16","slug":"zanderhof","status":"publish","type":"page","link":"https:\/\/www.goldzander.at\/shop\/zanderhof\/","title":{"rendered":"Zanderhof"},"content":{"rendered":"\n\n  <div class=\"banner has-hover has-parallax\" id=\"banner-387006140\">\n          <div class=\"banner-inner fill\">\n        <div class=\"banner-bg fill\" data-parallax=\"-3\" data-parallax-container=\".banner\" data-parallax-background>\n                                                \n                    <\/div>\n\t\t\n        <div class=\"banner-layers container\">\n            <div class=\"fill banner-link\"><\/div>            \n\n   <div id=\"text-box-515099027\" class=\"text-box banner-layer x50 md-x50 lg-x50 y80 md-y80 lg-y80 res-text\">\n                                <div class=\"text-box-content text dark\">\n              \n              <div class=\"text-inner text-center\">\n                  \n\n<h1 class=\"lead\">Zanderhof &#8211; Das Palais in der Sackstra\u00dfe<\/h1>\n\n              <\/div>\n           <\/div>\n                            \n<style>\n#text-box-515099027 {\n  width: 56%;\n}\n#text-box-515099027 .text-box-content {\n  font-size: 100%;\n}\n<\/style>\n    <\/div>\n \n\n        <\/div>\n      <\/div>\n\n            \n<style>\n#banner-387006140 {\n  padding-top: 400px;\n}\n#banner-387006140 .banner-bg img {\n  object-position: 31% 22%;\n}\n<\/style>\n  <\/div>\n\n\n\t<div id=\"gap-47182651\" class=\"gap-element clearfix\" style=\"display:block; height:auto;\">\n\t\t\n<style>\n#gap-47182651 {\n  padding-top: 30px;\n}\n<\/style>\n\t<\/div>\n\t\n\n<div class=\"row\"  id=\"row-1353967440\">\n\n\n\t<div id=\"col-1029604811\" class=\"col small-12 large-12\"  >\n\t\t\t\t<div class=\"col-inner\"  >\n\t\t\t\n\t\t\t\n\n<p>Das heute als Zanderhof bekannte Geb\u00e4ude befindet sich in der Sackstra\u00dfe am Fu\u00dfe des Schlo\u00dfbergs und damit in einem der \u00e4ltesten Teile der Grazer Altstadt. Das bereits im Mittelalter (16. Jh.) erbaute, denkmalgesch\u00fctzte Geb\u00e4ude in der Sackstra\u00dfe 26 z\u00e4hlt mit seiner fr\u00fchbarocken Fassade und den arkadengeschm\u00fcckten Renaissanceh\u00f6fen zu den sch\u00f6nsten Bauten der Grazer Altstadt.\u00a0<\/p>\n<p>1596 wurde der dreigeschossige Geb\u00e4udekomplex erstmals genannt. 1670 wurde das Haus nach einem Brand teilweise erneuert, wobei auch die Fassade in barocken Formen neu gestaltet wurde. Im 18. Jh. befand sich das Anwesen in adeligem Besitz, was auch in der \u00dcberformung des Portals sichtbar wird, und wurde zu einem Adelspalais. Mit der Jahrhundertwende erfolgte die Umbenennung des Adlerschen Palais in \u201eZanderhof\u201c (nach der Eigent\u00fcmerin Erika Zander).<\/p>\n<p>\u00a0<\/p>\n<p>Im Zuge von Renovierungsarbeiten in neuerer Zeit zeigte sich, dass das Geb\u00e4ude aus mehreren H\u00e4usern zusammengewachsen ist \u2013 aus einem Doppelgiebelhaus mit kleinem Hof und langgestreckten Fl\u00fcgelbauten, die einen Innenhof umfassen. Ein besonderes Schmuckst\u00fcck in diesem Innenhof ist ein kleiner Brunnen, der aus m\u00e4chtigem Stein gehauen ist und in seiner runden einfachen Linienf\u00fchrung an die Brunnen in Venedig und Italien erinnert. Der Zackenfries unter den Dachkanten des Hauses sowie die kurzen m\u00e4chtigen S\u00e4ulen im echten hinteren Teil des Hofes erinnern ebenso an die italienische Bauweise des 15. und 16. Jh. Das beweist, dass italienische Baumeister auch hier in Graz gewirkt und ihr gro\u00dfes K\u00f6nnen eingesetzt haben. In den G\u00e4ngen und Stiegenh\u00e4usern finden sich weitere Beweise daf\u00fcr, etwa Portale aus Sandstein, die ganz im Stil der italienischen Renaissance gehalten sind. Das beeindruckende Eingangsportal mit einem gequaderten Torrahmen aus Aflenzer Sandstein etwa stammt aus der Zeit um 1670. Anfang des 18. Jh. wurde \u00fcber dem Portal ein geschwungener Bogen mit einem ovalen Bild und zwei Vasen mit Engeln hinzugef\u00fcgt. Das Bild (\u00d6l auf Kupfer) zeigt den Evangelisten Johannes. Das Erscheinungsbild des Hauses wird auch wesentlich von den sechsteiligen Grazer Kastenstockfenstern gepr\u00e4gt, die zum Teil noch barocke Beschl\u00e4ge aufweisen.<\/p>\n<p>\u00a0<\/p>\n<p>Im Jahr 1933 hielt mit der Er\u00f6ffnung des \u201eDalmatinerkeller\u201c die Gastronomie Einzug in die Sackstra\u00dfe 26. In dieser Zeit wurde der Innenhof teilweise \u00fcberbaut und 1937 ein terrassierter Gastgarten zum Schlo\u00dfberg hin angelegt. Die Terrassen wurden auch zum Weinanbau genutzt, f\u00fcr den sich der Schlo\u00dfberg mit seinem sehr milden Klima und wenig Niederschl\u00e4gen anbietet. Aus dieser Zeit stammen auch die gro\u00dfen Rundbogenfenster im unteren Teil der Fassade.<\/p>\n<p>\u00a0<\/p>\n<p>Heute sind im renovierten idyllischen Grazer Zanderhof der <a href=\"http:\/\/www.goldzander.at\" rel=\"alternate\">Juwelier Goldzander<\/a>, das <a href=\"https:\/\/www.kosmetikkaufhaus.at\/de\/\">Kosmetikkaufhaus<\/a>, <a href=\"https:\/\/www.ladenstein-spirits.com\">Ladenstein Spirits<\/a>\u00a0und\u00a0die Frauenkrebshilfe.<\/p>\n<div class=\"text-center\"><div class=\"is-divider divider clearfix\" ><\/div><\/div>\n\n\n\t\t<\/div>\n\t\t\t\t\t<\/div>\n\n\t\n\n<\/div>\n<div class=\"slider-wrapper relative\" id=\"slider-188409373\" >\n    <div class=\"slider slider-nav-circle slider-nav-normal slider-nav-light slider-style-focus slider-show-nav\"\n        data-flickity-options='{\n            \"cellAlign\": \"center\",\n            \"imagesLoaded\": true,\n            \"lazyLoad\": 1,\n            \"freeScroll\": false,\n            \"wrapAround\": true,\n            \"autoPlay\": 6000,\n            \"pauseAutoPlayOnHover\" : true,\n            \"prevNextButtons\": true,\n            \"contain\" : true,\n            \"adaptiveHeight\" : true,\n            \"dragThreshold\" : 10,\n            \"percentPosition\": true,\n            \"pageDots\": true,\n            \"rightToLeft\": false,\n            \"draggable\": true,\n            \"selectedAttraction\": 0.1,\n            \"parallax\" : 0,\n            \"friction\": 0.6        }'\n        >\n        \n\n\t<div class=\"img has-hover x md-x lg-x y md-y lg-y\" id=\"image_1175619309\">\n\t\t\t\t\t\t\t\t<div class=\"img-inner dark\" >\n\t\t\t<img loading=\"lazy\" decoding=\"async\" width=\"1020\" height=\"679\" src=\"https:\/\/www.goldzander.at\/shop\/wp-content\/uploads\/image-1202x800.jpeg\" class=\"attachment-large size-large\" alt=\"\" srcset=\"https:\/\/www.goldzander.at\/shop\/wp-content\/uploads\/image-1202x800.jpeg 1202w, https:\/\/www.goldzander.at\/shop\/wp-content\/uploads\/image-601x400.jpeg 601w, https:\/\/www.goldzander.at\/shop\/wp-content\/uploads\/image-768x511.jpeg 768w, https:\/\/www.goldzander.at\/shop\/wp-content\/uploads\/image-1536x1022.jpeg 1536w, https:\/\/www.goldzander.at\/shop\/wp-content\/uploads\/image-2048x1363.jpeg 2048w, https:\/\/www.goldzander.at\/shop\/wp-content\/uploads\/image-510x339.jpeg 510w\" sizes=\"auto, (max-width: 1020px) 100vw, 1020px\" \/>\t\t\t\t\t\t\n\t\t\t\t\t<\/div>\n\t\t\t\t\t\t\t\t\n<style>\n#image_1175619309 {\n  width: 100%;\n}\n<\/style>\n\t<\/div>\n\t\n\n\t<div class=\"img has-hover x md-x lg-x y md-y lg-y\" id=\"image_101469242\">\n\t\t\t\t\t\t\t\t<div class=\"img-inner dark\" >\n\t\t\t<img loading=\"lazy\" decoding=\"async\" width=\"1020\" height=\"679\" src=\"https:\/\/www.goldzander.at\/shop\/wp-content\/uploads\/image-1-1202x800.png\" class=\"attachment-large size-large\" alt=\"\" srcset=\"https:\/\/www.goldzander.at\/shop\/wp-content\/uploads\/image-1-1202x800.png 1202w, https:\/\/www.goldzander.at\/shop\/wp-content\/uploads\/image-1-601x400.png 601w, https:\/\/www.goldzander.at\/shop\/wp-content\/uploads\/image-1-768x511.png 768w, https:\/\/www.goldzander.at\/shop\/wp-content\/uploads\/image-1-1536x1022.png 1536w, https:\/\/www.goldzander.at\/shop\/wp-content\/uploads\/image-1-2048x1363.png 2048w, https:\/\/www.goldzander.at\/shop\/wp-content\/uploads\/image-1-510x339.png 510w\" sizes=\"auto, (max-width: 1020px) 100vw, 1020px\" \/>\t\t\t\t\t\t\n\t\t\t\t\t<\/div>\n\t\t\t\t\t\t\t\t\n<style>\n#image_101469242 {\n  width: 100%;\n}\n<\/style>\n\t<\/div>\n\t\n\n\t<div class=\"img has-hover x md-x lg-x y md-y lg-y\" id=\"image_1706583737\">\n\t\t\t\t\t\t\t\t<div class=\"img-inner dark\" >\n\t\t\t<img loading=\"lazy\" decoding=\"async\" width=\"1020\" height=\"679\" src=\"https:\/\/www.goldzander.at\/shop\/wp-content\/uploads\/image-2-1202x800.png\" class=\"attachment-large size-large\" alt=\"\" srcset=\"https:\/\/www.goldzander.at\/shop\/wp-content\/uploads\/image-2-1202x800.png 1202w, https:\/\/www.goldzander.at\/shop\/wp-content\/uploads\/image-2-601x400.png 601w, https:\/\/www.goldzander.at\/shop\/wp-content\/uploads\/image-2-768x511.png 768w, https:\/\/www.goldzander.at\/shop\/wp-content\/uploads\/image-2-1536x1022.png 1536w, https:\/\/www.goldzander.at\/shop\/wp-content\/uploads\/image-2-2048x1363.png 2048w, https:\/\/www.goldzander.at\/shop\/wp-content\/uploads\/image-2-510x339.png 510w\" sizes=\"auto, (max-width: 1020px) 100vw, 1020px\" \/>\t\t\t\t\t\t\n\t\t\t\t\t<\/div>\n\t\t\t\t\t\t\t\t\n<style>\n#image_1706583737 {\n  width: 100%;\n}\n<\/style>\n\t<\/div>\n\t\n\n\t<div class=\"img has-hover x md-x lg-x y md-y lg-y\" id=\"image_450307046\">\n\t\t\t\t\t\t\t\t<div class=\"img-inner dark\" >\n\t\t\t<img loading=\"lazy\" decoding=\"async\" width=\"1020\" height=\"563\" src=\"https:\/\/www.goldzander.at\/shop\/wp-content\/uploads\/GEschaeft-1400x773.jpg\" class=\"attachment-large size-large\" alt=\"\" srcset=\"https:\/\/www.goldzander.at\/shop\/wp-content\/uploads\/GEschaeft-1400x773.jpg 1400w, https:\/\/www.goldzander.at\/shop\/wp-content\/uploads\/GEschaeft-724x400.jpg 724w, https:\/\/www.goldzander.at\/shop\/wp-content\/uploads\/GEschaeft-768x424.jpg 768w, https:\/\/www.goldzander.at\/shop\/wp-content\/uploads\/GEschaeft-1536x848.jpg 1536w, https:\/\/www.goldzander.at\/shop\/wp-content\/uploads\/GEschaeft-2048x1131.jpg 2048w, https:\/\/www.goldzander.at\/shop\/wp-content\/uploads\/GEschaeft-510x282.jpg 510w\" sizes=\"auto, (max-width: 1020px) 100vw, 1020px\" \/>\t\t\t\t\t\t\n\t\t\t\t\t<\/div>\n\t\t\t\t\t\t\t\t\n<style>\n#image_450307046 {\n  width: 100%;\n}\n<\/style>\n\t<\/div>\n\t\n\n\t<div class=\"img has-hover x md-x lg-x y md-y lg-y\" id=\"image_1244649165\">\n\t\t\t\t\t\t\t\t<div class=\"img-inner dark\" >\n\t\t\t<img loading=\"lazy\" decoding=\"async\" width=\"1020\" height=\"654\" src=\"https:\/\/www.goldzander.at\/shop\/wp-content\/uploads\/geschaefft-Aussen-1247x800.jpg\" class=\"attachment-large size-large\" alt=\"\" srcset=\"https:\/\/www.goldzander.at\/shop\/wp-content\/uploads\/geschaefft-Aussen-1247x800.jpg 1247w, https:\/\/www.goldzander.at\/shop\/wp-content\/uploads\/geschaefft-Aussen-624x400.jpg 624w, https:\/\/www.goldzander.at\/shop\/wp-content\/uploads\/geschaefft-Aussen-768x493.jpg 768w, https:\/\/www.goldzander.at\/shop\/wp-content\/uploads\/geschaefft-Aussen-1536x985.jpg 1536w, https:\/\/www.goldzander.at\/shop\/wp-content\/uploads\/geschaefft-Aussen-2048x1314.jpg 2048w, https:\/\/www.goldzander.at\/shop\/wp-content\/uploads\/geschaefft-Aussen-510x327.jpg 510w\" sizes=\"auto, (max-width: 1020px) 100vw, 1020px\" \/>\t\t\t\t\t\t\n\t\t\t\t\t<\/div>\n\t\t\t\t\t\t\t\t\n<style>\n#image_1244649165 {\n  width: 100%;\n}\n<\/style>\n\t<\/div>\n\t\n\n\n     <\/div>\n\n     <div class=\"loading-spin dark large centered\"><\/div>\n\n\t\n<style>\n#slider-188409373 .flickity-slider > * {\n  max-width: 50%!important;\n}\n<\/style>\n<\/div>\n\n\n\n","protected":false},"excerpt":{"rendered":"","protected":false},"author":1,"featured_media":0,"parent":0,"menu_order":0,"comment_status":"closed","ping_status":"closed","template":"page-transparent-header.php","meta":{"footnotes":""},"class_list":["post-1267","page","type-page","status-publish","hentry"],"_links":{"self":[{"href":"https:\/\/www.goldzander.at\/shop\/wp-json\/wp\/v2\/pages\/1267","targetHints":{"allow":["GET"]}}],"collection":[{"href":"https:\/\/www.goldzander.at\/shop\/wp-json\/wp\/v2\/pages"}],"about":[{"href":"https:\/\/www.goldzander.at\/shop\/wp-json\/wp\/v2\/types\/page"}],"author":[{"embeddable":true,"href":"https:\/\/www.goldzander.at\/shop\/wp-json\/wp\/v2\/users\/1"}],"replies":[{"embeddable":true,"href":"https:\/\/www.goldzander.at\/shop\/wp-json\/wp\/v2\/comments?post=1267"}],"version-history":[{"count":9,"href":"https:\/\/www.goldzander.at\/shop\/wp-json\/wp\/v2\/pages\/1267\/revisions"}],"predecessor-version":[{"id":6235,"href":"https:\/\/www.goldzander.at\/shop\/wp-json\/wp\/v2\/pages\/1267\/revisions\/6235"}],"wp:attachment":[{"href":"https:\/\/www.goldzander.at\/shop\/wp-json\/wp\/v2\/media?parent=1267"}],"curies":[{"name":"wp","href":"https:\/\/api.w.org\/{rel}","templated":true}]}}