{"id":1068,"date":"2020-07-03T14:22:25","date_gmt":"2020-07-03T12:22:25","guid":{"rendered":"https:\/\/www.goldzander.at\/shop\/?page_id=1068"},"modified":"2021-04-16T10:46:18","modified_gmt":"2021-04-16T08:46:18","slug":"solitaire","status":"publish","type":"page","link":"https:\/\/www.goldzander.at\/shop\/shop\/solitaire\/","title":{"rendered":"solitaire"},"content":{"rendered":"\n\n\t<section class=\"section dark has-parallax\" id=\"section_538388960\">\n\t\t<div class=\"section-bg fill\" data-parallax-container=\".section\" data-parallax-background data-parallax=\"-3\">\n\t\t\t\t\t\t\t\t\t<div class=\"section-bg-overlay absolute fill\"><\/div>\n\t\t\t\n\n\t\t<\/div>\n\n\t\t\n\n\t\t<div class=\"section-content relative\">\n\t\t\t\n\n<div class=\"row\"  id=\"row-1527913670\">\n\n\n\t<div id=\"col-246815615\" class=\"col small-12 large-12\"  >\n\t\t\t\t<div class=\"col-inner text-center\"  >\n\t\t\t\n\t\t\t\n\n\t<div class=\"img has-hover x md-x lg-x y md-y lg-y\" id=\"image_1837594683\">\n\t\t\t\t\t\t\t\t<div class=\"img-inner dark\" >\n\t\t\t<img loading=\"lazy\" decoding=\"async\" width=\"317\" height=\"304\" src=\"https:\/\/www.goldzander.at\/shop\/wp-content\/uploads\/Solitair-weiss.png\" class=\"attachment-large size-large\" alt=\"\" \/>\t\t\t\t\t\t\n\t\t\t\t\t<\/div>\n\t\t\t\t\t\t\t\t\n<style>\n#image_1837594683 {\n  width: 18%;\n}\n<\/style>\n\t<\/div>\n\t\n\n<h1><span lang=\"DE\">Solitaire \u2013 Welt der Diamanten<\/span><\/h1>\n<p><span lang=\"DE\">Die Marke Solitaire von Giloy, einer der renommiertesten Manufakturen Deutschlands, ist bekannt f\u00fcr au\u00dfergew\u00f6hnliche Diamantringe wie zum Beispiel exklusive Solitaire-Ringe, aber auch f\u00fcr Collies. <\/span><\/p>\n\n\t\t<\/div>\n\t\t\t\t\n<style>\n#col-246815615 > .col-inner {\n  padding: 5% 0% 0px 5%;\n}\n<\/style>\n\t<\/div>\n\n\t\n\n<\/div>\n\n\t\t<\/div>\n\n\t\t\n<style>\n#section_538388960 {\n  padding-top: 0px;\n  padding-bottom: 0px;\n  min-height: 207px;\n  background-color: rgb(255, 166, 2);\n}\n#section_538388960 .section-bg-overlay {\n  background-color: rgba(0, 0, 0, 0.19);\n}\n#section_538388960 .section-bg img {\n  object-position: 65% 40%;\n}\n<\/style>\n\t<\/section>\n\t\n\n\t<section class=\"section dark has-mask mask-angled-right\" id=\"section_1656980918\">\n\t\t<div class=\"section-bg fill\" >\n\t\t\t\t\t\t\t\t\t\n\t\t\t\n\n\t\t<\/div>\n\n\t\t\n\n\t\t<div class=\"section-content relative\">\n\t\t\t\n\n<div class=\"row\"  id=\"row-408391147\">\n\n\n\t<div id=\"col-1236224748\" class=\"col small-12 large-12\"  >\n\t\t\t\t<div class=\"col-inner\"  >\n\t\t\t\n\t\t\t\n\n<p><span style=\"color: #000000;\">Ein Solitaire ist ein einzelner Diamant im Brillantschliff, oftmals in einer sogenannten Krappenfassung gefasst. Der Edelstein wird von schmalen Streifen aus Edelmetall, den \u201eKrappen\u201c, gehalten, wodurch Licht von allen Seiten einfallen kann und das Maximum an Brillanz des Diamanten hervorgehoben\u00a0 wird. Die Bezeichnung \u201eSolitaire\u201c leitet sich von \u201esolitaire\u201c, dem franz\u00f6sischen Wort f\u00fcr Einzelg\u00e4nger ab. Deshalb wird der Solitaire-Ring auch gerne als Verlobungsring gew\u00e4hlt, steht er doch gleichnishaft daf\u00fcr, dass die Auserw\u00e4hlte die Einzige ist (einmalig, unersetzbar).<\/span><\/p>\n\n\t\t<\/div>\n\t\t\t\t\t<\/div>\n\n\t\n\n<\/div>\n\n\t\t<\/div>\n\n\t\t\n<style>\n#section_1656980918 {\n  padding-top: 30px;\n  padding-bottom: 30px;\n  min-height: 193px;\n  background-color: rgb(241, 241, 241);\n}\n<\/style>\n\t<\/section>\n\t\n<div class=\"text-center\"><div class=\"is-divider divider clearfix\" ><\/div><\/div>\n\n\t\n  \n    <div class=\"row large-columns-4 medium-columns-3 small-columns-2 row-small\" >\n  \n\t     <div class=\"col\" >\n\t\t\t\t\t\t<div class=\"col-inner\">\n\t\t\t\t\t\t\n<div class=\"badge-container absolute left top z-1\">\n\n<\/div>\n\t\t\t\t\t\t<div class=\"product-small box has-hover box-normal box-text-bottom\">\n\t\t\t\t\t\t\t<div class=\"box-image\" >\n\t\t\t\t\t\t\t\t<div class=\"image-zoom image-zoom\" >\n\t\t\t\t\t\t\t\t\t<a href=\"https:\/\/www.goldzander.at\/shop\/produkt\/collier-solitaire-tropfen\/\" aria-label=\"Collier &quot;Tropfen&quot; Marke Solitaire\">\n\t\t\t\t\t\t\t\t\t\t<img loading=\"lazy\" decoding=\"async\" width=\"247\" height=\"296\" src=\"https:\/\/www.goldzander.at\/shop\/wp-content\/uploads\/solitaire-kette-anh\u00e4nger27WM-247x296.jpg\" class=\"attachment-woocommerce_thumbnail size-woocommerce_thumbnail\" alt=\"Collier &quot;Tropfen&quot; Marke Solitaire\" \/>\t\t\t\t\t\t\t\t\t<\/a>\n\t\t\t\t\t\t\t\t\t\t\t\t\t\t\t\t\t\t \t\t\t\t\t\t\t\t<\/div>\n\t\t\t\t\t\t\t\t<div class=\"image-tools top right show-on-hover\">\n\t\t\t\t\t\t\t\t\t\t\t\t\t\t\t\t\t<\/div>\n\t\t\t\t\t\t\t\t\t\t\t\t\t\t\t\t\t<div class=\"image-tools grid-tools text-center hide-for-small bottom hover-slide-in show-on-hover\">\n\t\t\t\t\t\t\t\t\t\t<a href=\"#quick-view\" class=\"quick-view\" role=\"button\" data-prod=\"836\" aria-haspopup=\"dialog\" aria-expanded=\"false\" data-flatsome-role-button>Schnellansicht<\/a>\t\t\t\t\t\t\t\t\t<\/div>\n\t\t\t\t\t\t\t\t\t\t\t\t\t\t\t\t\t\t\t\t\t\t\t<\/div>\n\n\t\t\t\t\t\t\t<div class=\"box-text text-center\" >\n\t\t\t\t\t\t\t\t<div class=\"title-wrapper\">\t\t<p class=\"category uppercase is-smaller no-text-overflow product-cat op-8\">\n\t\t\tColliers\t\t<\/p>\n\t<p class=\"name product-title woocommerce-loop-product__title\"><a href=\"https:\/\/www.goldzander.at\/shop\/produkt\/collier-solitaire-tropfen\/\" class=\"woocommerce-LoopProduct-link woocommerce-loop-product__link\">Collier &#8220;Tropfen&#8221; Marke Solitaire<\/a><\/p><\/div><div class=\"price-wrapper\">\n\t<span class=\"price\"><span class=\"woocommerce-Price-amount amount\"><bdi><span class=\"woocommerce-Price-currencySymbol\">&euro;<\/span>&nbsp;449,00<\/bdi><\/span><\/span>\n\n\n\n<\/div><div class=\"add-to-cart-button\"><a href=\"\/shop\/wp-json\/wp\/v2\/pages\/1068?add-to-cart=836\" aria-describedby=\"woocommerce_loop_add_to_cart_link_describedby_836\" data-quantity=\"1\" class=\"primary is-small mb-0 button product_type_simple add_to_cart_button ajax_add_to_cart is-gloss\" data-product_id=\"836\" data-product_sku=\"836\" aria-label=\"In den Warenkorb legen: \u201eCollier &quot;Tropfen&quot; Marke Solitaire\u201c\" rel=\"nofollow\" data-success_message=\"\u201eCollier &quot;Tropfen&quot; Marke Solitaire\u201c wurde deinem Warenkorb hinzugef\u00fcgt\" role=\"button\">In den Warenkorb<\/a><\/div>\t<span id=\"woocommerce_loop_add_to_cart_link_describedby_836\" class=\"screen-reader-text\">\n\t\t\t<\/span>\n\t\t\t\t\t\t\t<\/div>\n\t\t\t\t\t\t<\/div>\n\t\t\t\t\t\t<\/div>\n\t\t\t\t\t<\/div><div class=\"col\" >\n\t\t\t\t\t\t<div class=\"col-inner\">\n\t\t\t\t\t\t\n<div class=\"badge-container absolute left top z-1\">\n\n<\/div>\n\t\t\t\t\t\t<div class=\"product-small box has-hover box-normal box-text-bottom\">\n\t\t\t\t\t\t\t<div class=\"box-image\" >\n\t\t\t\t\t\t\t\t<div class=\"image-zoom image-zoom\" >\n\t\t\t\t\t\t\t\t\t<a href=\"https:\/\/www.goldzander.at\/shop\/produkt\/collier-solitaire\/\" aria-label=\"Collier Solitaire\">\n\t\t\t\t\t\t\t\t\t\t<img loading=\"lazy\" decoding=\"async\" width=\"247\" height=\"296\" src=\"https:\/\/www.goldzander.at\/shop\/wp-content\/uploads\/solitaire-kette-anh\u00e4nger28WM-247x296.jpg\" class=\"attachment-woocommerce_thumbnail size-woocommerce_thumbnail\" alt=\"Collier Solitaire\" \/>\t\t\t\t\t\t\t\t\t<\/a>\n\t\t\t\t\t\t\t\t\t\t\t\t\t\t\t\t\t\t \t\t\t\t\t\t\t\t<\/div>\n\t\t\t\t\t\t\t\t<div class=\"image-tools top right show-on-hover\">\n\t\t\t\t\t\t\t\t\t\t\t\t\t\t\t\t\t<\/div>\n\t\t\t\t\t\t\t\t\t\t\t\t\t\t\t\t\t<div class=\"image-tools grid-tools text-center hide-for-small bottom hover-slide-in show-on-hover\">\n\t\t\t\t\t\t\t\t\t\t<a href=\"#quick-view\" class=\"quick-view\" role=\"button\" data-prod=\"831\" aria-haspopup=\"dialog\" aria-expanded=\"false\" data-flatsome-role-button>Schnellansicht<\/a>\t\t\t\t\t\t\t\t\t<\/div>\n\t\t\t\t\t\t\t\t\t\t\t\t\t\t\t\t\t\t\t\t\t\t\t<\/div>\n\n\t\t\t\t\t\t\t<div class=\"box-text text-center\" >\n\t\t\t\t\t\t\t\t<div class=\"title-wrapper\">\t\t<p class=\"category uppercase is-smaller no-text-overflow product-cat op-8\">\n\t\t\tColliers\t\t<\/p>\n\t<p class=\"name product-title woocommerce-loop-product__title\"><a href=\"https:\/\/www.goldzander.at\/shop\/produkt\/collier-solitaire\/\" class=\"woocommerce-LoopProduct-link woocommerce-loop-product__link\">Collier Solitaire<\/a><\/p><\/div><div class=\"price-wrapper\">\n\t<span class=\"price\"><span class=\"woocommerce-Price-amount amount\"><bdi><span class=\"woocommerce-Price-currencySymbol\">&euro;<\/span>&nbsp;468,00<\/bdi><\/span><\/span>\n\n\n\n<\/div><div class=\"add-to-cart-button\"><a href=\"\/shop\/wp-json\/wp\/v2\/pages\/1068?add-to-cart=831\" aria-describedby=\"woocommerce_loop_add_to_cart_link_describedby_831\" data-quantity=\"1\" class=\"primary is-small mb-0 button product_type_simple add_to_cart_button ajax_add_to_cart is-gloss\" data-product_id=\"831\" data-product_sku=\"831\" aria-label=\"In den Warenkorb legen: \u201eCollier Solitaire\u201c\" rel=\"nofollow\" data-success_message=\"\u201eCollier Solitaire\u201c wurde deinem Warenkorb hinzugef\u00fcgt\" role=\"button\">In den Warenkorb<\/a><\/div>\t<span id=\"woocommerce_loop_add_to_cart_link_describedby_831\" class=\"screen-reader-text\">\n\t\t\t<\/span>\n\t\t\t\t\t\t\t<\/div>\n\t\t\t\t\t\t<\/div>\n\t\t\t\t\t\t<\/div>\n\t\t\t\t\t<\/div><\/div>\n\n<div class=\"text-center\"><div class=\"is-divider divider clearfix\" ><\/div><\/div>\n\n\n","protected":false},"excerpt":{"rendered":"","protected":false},"author":1,"featured_media":0,"parent":45,"menu_order":1,"comment_status":"closed","ping_status":"closed","template":"page-blank.php","meta":{"footnotes":""},"class_list":["post-1068","page","type-page","status-publish","hentry"],"_links":{"self":[{"href":"https:\/\/www.goldzander.at\/shop\/wp-json\/wp\/v2\/pages\/1068","targetHints":{"allow":["GET"]}}],"collection":[{"href":"https:\/\/www.goldzander.at\/shop\/wp-json\/wp\/v2\/pages"}],"about":[{"href":"https:\/\/www.goldzander.at\/shop\/wp-json\/wp\/v2\/types\/page"}],"author":[{"embeddable":true,"href":"https:\/\/www.goldzander.at\/shop\/wp-json\/wp\/v2\/users\/1"}],"replies":[{"embeddable":true,"href":"https:\/\/www.goldzander.at\/shop\/wp-json\/wp\/v2\/comments?post=1068"}],"version-history":[{"count":7,"href":"https:\/\/www.goldzander.at\/shop\/wp-json\/wp\/v2\/pages\/1068\/revisions"}],"predecessor-version":[{"id":2106,"href":"https:\/\/www.goldzander.at\/shop\/wp-json\/wp\/v2\/pages\/1068\/revisions\/2106"}],"up":[{"embeddable":true,"href":"https:\/\/www.goldzander.at\/shop\/wp-json\/wp\/v2\/pages\/45"}],"wp:attachment":[{"href":"https:\/\/www.goldzander.at\/shop\/wp-json\/wp\/v2\/media?parent=1068"}],"curies":[{"name":"wp","href":"https:\/\/api.w.org\/{rel}","templated":true}]}}